{"id":5375,"date":"2022-09-12T04:29:33","date_gmt":"2022-09-12T04:29:33","guid":{"rendered":"https:\/\/demo.oceanthemes.site\/sandbox\/?page_id=5375"},"modified":"2023-04-06T00:54:49","modified_gmt":"2023-04-06T00:54:49","slug":"terms-and-conditions","status":"publish","type":"page","link":"https:\/\/anphat.tech\/?page_id=5375","title":{"rendered":"anIoT \u2013 Nh\u00e0 th\u00f4ng minh"},"content":{"rendered":"\t\t<div data-elementor-type=\"wp-page\" data-elementor-id=\"5375\" class=\"elementor elementor-5375\">\n\t\t\t\t\t\t\t\t\t<section class=\"elementor-section elementor-top-section elementor-element elementor-element-ee541cf elementor-section-content-top elementor-section-boxed elementor-section-height-default elementor-section-height-default\" data-id=\"ee541cf\" data-element_type=\"section\" id=\"block1\">\n\t\t\t\t\t\t<div class=\"elementor-container elementor-column-gap-default\">\n\t\t\t\t\t<div class=\"elementor-column elementor-col-33 elementor-top-column elementor-element elementor-element-2ba8c0b elementor-hidden-tablet elementor-hidden-mobile\" data-id=\"2ba8c0b\" data-element_type=\"column\">\n\t\t\t<div class=\"elementor-widget-wrap elementor-element-populated\">\n\t\t\t\t\t\t\t\t<div class=\"elementor-element elementor-element-945dd3f sticky-bar elementor-icon-list--layout-traditional elementor-list-item-link-full_width elementor-widget elementor-widget-icon-list\" data-id=\"945dd3f\" data-element_type=\"widget\" data-widget_type=\"icon-list.default\">\n\t\t\t\t<div class=\"elementor-widget-container\">\n\t\t\t<link rel=\"stylesheet\" href=\"http:\/\/anphat.tech\/wp-content\/plugins\/elementor\/assets\/css\/widget-icon-list.min.css\">\t\t<ul class=\"elementor-icon-list-items\">\n\t\t\t\t\t\t\t<li class=\"elementor-icon-list-item\">\n\t\t\t\t\t\t\t\t\t\t\t<a href=\"#block1\">\n\n\t\t\t\t\t\t\t\t\t\t\t<span class=\"elementor-icon-list-text\">1. M\u00f4 t\u1ea3<\/span>\n\t\t\t\t\t\t\t\t\t\t\t<\/a>\n\t\t\t\t\t\t\t\t\t<\/li>\n\t\t\t\t\t\t\t\t<li class=\"elementor-icon-list-item\">\n\t\t\t\t\t\t\t\t\t\t\t<a href=\"#block2\">\n\n\t\t\t\t\t\t\t\t\t\t\t<span class=\"elementor-icon-list-text\">2. T\u00ednh n\u0103ng tuy\u1ec7t v\u1eddi<\/span>\n\t\t\t\t\t\t\t\t\t\t\t<\/a>\n\t\t\t\t\t\t\t\t\t<\/li>\n\t\t\t\t\t\t\t\t<li class=\"elementor-icon-list-item\">\n\t\t\t\t\t\t\t\t\t\t\t<a href=\"#block3\">\n\n\t\t\t\t\t\t\t\t\t\t\t<span class=\"elementor-icon-list-text\">3. L\u1eafp \u0111\u1eb7t v\u00e0 h\u1ed7 tr\u1ee3<\/span>\n\t\t\t\t\t\t\t\t\t\t\t<\/a>\n\t\t\t\t\t\t\t\t\t<\/li>\n\t\t\t\t\t\t<\/ul>\n\t\t\t\t<\/div>\n\t\t\t\t<\/div>\n\t\t\t\t\t<\/div>\n\t\t<\/div>\n\t\t\t\t<div class=\"elementor-column elementor-col-33 elementor-top-column elementor-element elementor-element-b057cca\" data-id=\"b057cca\" data-element_type=\"column\">\n\t\t\t<div class=\"elementor-widget-wrap elementor-element-populated\">\n\t\t\t\t\t\t\t\t<div class=\"elementor-element elementor-element-cdcce14 card elementor-widget elementor-widget-text-editor\" data-id=\"cdcce14\" data-element_type=\"widget\" data-widget_type=\"text-editor.default\">\n\t\t\t\t<div class=\"elementor-widget-container\">\n\t\t\t<style>\/*! elementor - v3.11.2 - 22-02-2023 *\/\n.elementor-widget-text-editor.elementor-drop-cap-view-stacked .elementor-drop-cap{background-color:#818a91;color:#fff}.elementor-widget-text-editor.elementor-drop-cap-view-framed .elementor-drop-cap{color:#818a91;border:3px solid;background-color:transparent}.elementor-widget-text-editor:not(.elementor-drop-cap-view-default) .elementor-drop-cap{margin-top:8px}.elementor-widget-text-editor:not(.elementor-drop-cap-view-default) .elementor-drop-cap-letter{width:1em;height:1em}.elementor-widget-text-editor .elementor-drop-cap{float:left;text-align:center;line-height:1;font-size:50px}.elementor-widget-text-editor .elementor-drop-cap-letter{display:inline-block}<\/style>\t\t\t\t<h2 class=\"mb-3\">1. M\u00f4 t\u1ea3<\/h2>\n<p>Ph\u00f2ng kh\u00e1ch th\u00f4ng minh n\u00f3i ch\u00fang v\u00e0 nh\u00e0 th\u00f4ng minh n\u00f3i ri\u00eang kh\u00f4ng c\u00f2n xa l\u1ea1 v\u1edbi ng\u01b0\u1eddi d\u00f9ng t\u1ea1i Vi\u1ec7t Nam. Ng\u01b0\u1eddi d\u00f9ng c\u00f3 th\u1ec3 s\u1edf h\u1eefu ngay m\u1ed9t ph\u00f2ng kh\u00e1ch th\u00f4ng minh, ti\u1ec7n nghi, \u0111\u1eb3ng c\u1ea5p Ch\u00e2u \u00c2u t\u1ea1i Vi\u1ec7t Nam v\u1edbi \u0111\u1ea7y \u0111\u1ee7 c\u00e1c ti\u00eau chu\u1ea9n c\u1ee7a m\u1ed9t ph\u00f2ng kh\u00e1ch hi\u1ec7n \u0111\u1ea1i g\u1ed3m: h\u1ec7 th\u1ed1ng chi\u1ebfu s\u00e1ng, \u0111i\u1ec1u h\u00f2a, r\u00e8m c\u1eeda, \u00e2m thanh, qu\u1ea1t&#8230; \u0111\u01b0\u1ee3c \u0111i\u1ec1u khi\u1ec3n v\u00e0 ki\u1ec3m so\u00e1t tr\u00ean Smartphone, m\u00e1y t\u00ednh d\u00f9 \u1edf b\u1ea5t c\u1ee9 n\u01a1i \u0111\u00e2u khi \u0111\u01b0\u1ee3c k\u1ebft n\u1ed1i Internet.<\/p>\n<p>Th\u00f4ng th\u01b0\u1eddng \u0111\u1ec3 \u0111i\u1ec1u khi\u1ec3n t\u1ea5t c\u1ea3 c\u00e1c thi\u1ebft b\u1ecb trong ph\u00f2ng kh\u00e1ch c\u1ea7n \u0111i t\u1edbi c\u00e1c c\u00f4ng t\u1eafc kh\u00e1c nhau. V\u1edbi gi\u1ea3i ph\u00e1p thi\u1ebft b\u1ecb ph\u00f2ng kh\u00e1ch th\u00f4ng minh c\u1ee7a anIoT, b\u1ea1n ch\u1ec9 c\u1ea7n m\u1ed9t ch\u1ea1m nh\u1eb9 tr\u00ean smartphone hay m\u00e1y t\u00ednh b\u1ea3ng khi \u0111\u01b0\u1ee3c k\u1ebft n\u1ed1i internet \u0111\u1ec3 b\u1eadt\/ t\u1eaft to\u00e0n b\u1ed9 thi\u1ebft b\u1ecb \u0111i\u1ec7n trong nh\u00e0 d\u00f9 \u1edf b\u1ea5t c\u1ee9 \u0111\u00e2u.<\/p>\n<p>An ph\u00e1t s\u1ebd gi\u1edbi thi\u1ec7u cho c\u00e1c b\u1ea1n m\u1ed9t h\u1ec7 th\u1ed1ng thi\u1ebft b\u1ecb ph\u00f2ng kh\u00e1ch th\u00f4ng minh d\u00e0nh cho ph\u00f2ng kh\u00e1ch v\u1edbi c\u00e1c t\u00ednh n\u0103ng ti\u1ec7n \u00edch nh\u01b0 t\u1ef1 \u0111\u1ed9ng b\u1eadt\/t\u1eaft \u0111\u00e8n, Tivi, \u0111i\u1ec1u h\u00f2a, r\u00e8m c\u1eeda,&#8230;<\/p>\t\t\t\t\t\t<\/div>\n\t\t\t\t<\/div>\n\t\t\t\t<div class=\"elementor-element elementor-element-5c1a635 elementor-widget elementor-widget-spacer\" data-id=\"5c1a635\" data-element_type=\"widget\" id=\"block2\" data-widget_type=\"spacer.default\">\n\t\t\t\t<div class=\"elementor-widget-container\">\n\t\t\t<style>\/*! elementor - v3.11.2 - 22-02-2023 *\/\n.elementor-column .elementor-spacer-inner{height:var(--spacer-size)}.e-con{--container-widget-width:100%}.e-con-inner>.elementor-widget-spacer,.e-con>.elementor-widget-spacer{width:var(--container-widget-width,var(--spacer-size));--align-self:var(--container-widget-align-self,initial);--flex-shrink:0}.e-con-inner>.elementor-widget-spacer>.elementor-widget-container,.e-con-inner>.elementor-widget-spacer>.elementor-widget-container>.elementor-spacer,.e-con>.elementor-widget-spacer>.elementor-widget-container,.e-con>.elementor-widget-spacer>.elementor-widget-container>.elementor-spacer{height:100%}.e-con-inner>.elementor-widget-spacer>.elementor-widget-container>.elementor-spacer>.elementor-spacer-inner,.e-con>.elementor-widget-spacer>.elementor-widget-container>.elementor-spacer>.elementor-spacer-inner{height:var(--container-widget-height,var(--spacer-size))}<\/style>\t\t<div class=\"elementor-spacer\">\n\t\t\t<div class=\"elementor-spacer-inner\"><\/div>\n\t\t<\/div>\n\t\t\t\t<\/div>\n\t\t\t\t<\/div>\n\t\t\t\t<div class=\"elementor-element elementor-element-aa6b7d8 card elementor-widget elementor-widget-text-editor\" data-id=\"aa6b7d8\" data-element_type=\"widget\" data-widget_type=\"text-editor.default\">\n\t\t\t\t<div class=\"elementor-widget-container\">\n\t\t\t\t\t\t\t<p>2. T\u00ednh n\u0103ng tuy\u1ec7t v\u1eddi<\/p><ul><li>B\u1eadt t\u1eaft thi\u1ebft b\u1ecb \u0111i\u1ec7n t\u1eed c\u00f3 remote qua Internet (TV, loa nh\u1ea1c, qu\u1ea1t, \u0111i\u1ec1u h\u00f2a, r\u00e8m, vv..)<\/li><li>B\u1eadt t\u1eaft h\u1ec7 th\u1ed1ng \u0111\u00e8n chi\u1ebfu s\u00e1ng t\u1ea1i c\u00e1c khu v\u1ef1c trong nh\u00e0 qua Internet<\/li><li>M\u00e1y l\u1ea1nh, qu\u1ea1t t\u1ef1 \u0111i\u1ec1u ch\u1ec9nh ho\u1ea1t \u0111\u1ed9ng theo nhi\u1ec7t \u0111\u1ed9 trong ph\u00f2ng<\/li><li>B\u1eadt t\u1eaft thi\u1ebft b\u1ecb kh\u00f4ng c\u00f3 remote qua Internet (M\u00e1y pha coffee, h\u1ec7 th\u1ed1ng t\u01b0\u1edbi c\u00e2y, vv\u2026)<\/li><li>H\u1eb9n gi\u1edd b\u1eadt t\u1eaft m\u1ed9t ph\u1ea7n ho\u1eb7c to\u00e0n b\u1ed9 thi\u1ebft b\u1ecb trong nh\u00e0 (VD: t\u01b0\u1edbi c\u00e2y, t\u1eaft \u0111\u00e8n, nhi\u1ec7t \u0111\u1ed9 c\u00e1 c\u1ea3nh, vv..)<\/li><li>B\u1eadt t\u1eaft c\u00e1c thi\u1ebft b\u1ecb \u0111i\u1ec7n d\u1ef1a v\u00e0o th\u1eddi gian v\u00e0 t\u00ecnh tr\u1ea1ng \u0111\u00f3ng m\u1edf c\u1eeda<\/li><li>T\u1ef1 \u0111\u1ed9ng b\u1eadt t\u1eaft \u0111\u00e8n khi kh\u00f4ng c\u00f3 ng\u01b0\u1eddi trong khu v\u1ef1c<\/li><li>Ki\u1ec3m so\u00e1t m\u1ee9c \u0111\u1ed9 ti\u00eau th\u1ee5 n\u0103ng l\u01b0\u1ee3ng \u0111i\u1ec7n, c\u1ea3nh b\u00e1o ch\u1eadm ch\u00e1y, xung \u0111i\u1ec7n h\u00e0ng ng\u00e0y<\/li><li>T\u1ef1 \u0111\u1ed9ng b\u01a1m n\u01b0\u1edbc, tr\u1ed1ng tr\u00e0n b\u1ec3. Gi\u00e1m s\u00e1t m\u1ee9c \u0111\u1ed9 ti\u00eau hao n\u0103ng l\u01b0\u1ee3ng n\u01b0\u1edbc th\u1eddi gian th\u1ef1c<\/li><\/ul>\t\t\t\t\t\t<\/div>\n\t\t\t\t<\/div>\n\t\t\t\t<div class=\"elementor-element elementor-element-5475cab elementor-widget elementor-widget-spacer\" data-id=\"5475cab\" data-element_type=\"widget\" id=\"block3\" data-widget_type=\"spacer.default\">\n\t\t\t\t<div class=\"elementor-widget-container\">\n\t\t\t\t\t<div class=\"elementor-spacer\">\n\t\t\t<div class=\"elementor-spacer-inner\"><\/div>\n\t\t<\/div>\n\t\t\t\t<\/div>\n\t\t\t\t<\/div>\n\t\t\t\t<div class=\"elementor-element elementor-element-a84aa32 card elementor-widget elementor-widget-text-editor\" data-id=\"a84aa32\" data-element_type=\"widget\" data-widget_type=\"text-editor.default\">\n\t\t\t\t<div class=\"elementor-widget-container\">\n\t\t\t\t\t\t\t<h2>3. L\u1eafp \u0111\u1eb7t v\u00e0 h\u1ed7 tr\u1ee3<\/h2>\n<p>B\u1ea1n s\u1ebd \u0111\u01b0\u1ee3c ki\u1ec3m tra \u0111\u1ecbnh k\u1ef3 v\u00e0 n\u00e2ng c\u1ea5p h\u1ec7 th\u1ed1ng 3 th\u00e1ng\/l\u1ea7n.<\/p>\n<p>Khi g\u1eb7p b\u1ea5t k\u1ef3 s\u1ef1 c\u1ed1 g\u00ec anIoT&nbsp;s\u1ebd \u0111\u1ebfn t\u1eadn n\u01a1i kh\u1eafc ph\u1ee5c kh\u00f4ng gi\u1edbi h\u1ea1n s\u1ed1 l\u1ea7n<\/p>\n<p>Thi\u1ebft b\u1ecb g\u1eb7p l\u1ed7i l\u1eb7p l\u1ea1i s\u1ebd \u0111\u01b0\u1ee3c thay m\u1edbi 100%<\/p>\n<p>To\u00e0n b\u1ed9 thi\u1ebft b\u1ecb c\u1ee7a anIoT&nbsp;\u0111\u01b0\u1ee3c b\u1ea3o h\u00e0nh 12 th\u00e1ng, nh\u1eefng s\u1ea3n ph\u1ea9m kh\u00e1c b\u1ea3o h\u00e0nh theo h\u00e3ng khi c\u00f3 l\u1ed7i c\u1ee7a nh\u00e0 s\u1ea3n xu\u1ea5t<\/p>\n<p>\u00c1p d\u1ee5ng t\u1ed1t cho nh\u00e0 \u0111\u00e3 ho\u00e0n thi\u1ec7n nh\u1edd gi\u1ea3i ph\u00e1p kh\u00f4ng d\u00e2y \u1ed5n \u0111\u1ecbnh (ch\u1ec9 c\u1ea7n thay c\u00f4ng t\u1eafc \u0111i\u1ec7n)<\/p>\n<p>Thi c\u00f4ng nhanh trong ng\u00e0y \u0111\u1ea3m b\u1ea3o \u0111\u01b0\u1ee3c t\u00ednh th\u1ea9m m\u1ef9 v\u00e0 \u0111\u1ed9 \u1ed5n \u0111\u1ecbnh c\u1ee7a thi\u1ebft b\u1ecb<\/p>\n<p>\u0110\u1ea7y \u0111\u1ee7 t\u00e0i li\u1ec7u chi ti\u1ebft v\u00e0 video h\u01b0\u1edbng d\u1eabn \u0111\u1ec3 kh\u00e1ch h\u00e0ng d\u1ec5 d\u00e0ng l\u00e0m ch\u1ee7 ng\u00f4i nh\u00e0<\/p>\n<p>Nh\u00e2n vi\u00ean k\u1ef9 thu\u1eadt chuy\u00ean nghi\u1ec7p t\u1eadn t\u00e2m s\u1ebd h\u01b0\u1edbng d\u1eabn kh\u00e1ch h\u00e0ng nhanh ch\u00f3ng n\u1eafm b\u1eaft<\/p>\t\t\t\t\t\t<\/div>\n\t\t\t\t<\/div>\n\t\t\t\t<div class=\"elementor-element elementor-element-23574a2 elementor-widget elementor-widget-spacer\" data-id=\"23574a2\" data-element_type=\"widget\" id=\"block4\" data-widget_type=\"spacer.default\">\n\t\t\t\t<div class=\"elementor-widget-container\">\n\t\t\t\t\t<div class=\"elementor-spacer\">\n\t\t\t<div class=\"elementor-spacer-inner\"><\/div>\n\t\t<\/div>\n\t\t\t\t<\/div>\n\t\t\t\t<\/div>\n\t\t\t\t<div class=\"elementor-element elementor-element-13811fb elementor-widget elementor-widget-spacer\" data-id=\"13811fb\" data-element_type=\"widget\" id=\"block5\" data-widget_type=\"spacer.default\">\n\t\t\t\t<div class=\"elementor-widget-container\">\n\t\t\t\t\t<div class=\"elementor-spacer\">\n\t\t\t<div class=\"elementor-spacer-inner\"><\/div>\n\t\t<\/div>\n\t\t\t\t<\/div>\n\t\t\t\t<\/div>\n\t\t\t\t<div class=\"elementor-element elementor-element-2b8baa9 elementor-widget elementor-widget-spacer\" data-id=\"2b8baa9\" data-element_type=\"widget\" id=\"block6\" data-widget_type=\"spacer.default\">\n\t\t\t\t<div class=\"elementor-widget-container\">\n\t\t\t\t\t<div class=\"elementor-spacer\">\n\t\t\t<div class=\"elementor-spacer-inner\"><\/div>\n\t\t<\/div>\n\t\t\t\t<\/div>\n\t\t\t\t<\/div>\n\t\t\t\t\t<\/div>\n\t\t<\/div>\n\t\t\t\t<div class=\"elementor-column elementor-col-33 elementor-top-column elementor-element elementor-element-a7d49c0\" data-id=\"a7d49c0\" data-element_type=\"column\">\n\t\t\t<div class=\"elementor-widget-wrap\">\n\t\t\t\t\t\t\t\t\t<\/div>\n\t\t<\/div>\n\t\t\t\t\t\t\t<\/div>\n\t\t<\/section>\n\t\t\t\t\t\t\t<\/div>\n\t\t","protected":false},"excerpt":{"rendered":"<p>1. M\u00f4 t\u1ea3 2. T\u00ednh n\u0103ng tuy\u1ec7t v\u1eddi 3. L\u1eafp \u0111\u1eb7t v\u00e0 h\u1ed7 tr\u1ee3 1. M\u00f4 t\u1ea3 Ph\u00f2ng kh\u00e1ch th\u00f4ng minh n\u00f3i ch\u00fang v\u00e0 nh\u00e0 th\u00f4ng minh n\u00f3i ri\u00eang kh\u00f4ng c\u00f2n xa l\u1ea1 v\u1edbi ng\u01b0\u1eddi d\u00f9ng t\u1ea1i Vi\u1ec7t Nam. Ng\u01b0\u1eddi d\u00f9ng c\u00f3 th\u1ec3 s\u1edf h\u1eefu ngay m\u1ed9t ph\u00f2ng kh\u00e1ch th\u00f4ng minh, ti\u1ec7n nghi, \u0111\u1eb3ng c\u1ea5p [&hellip;]<\/p>\n","protected":false},"author":1,"featured_media":0,"parent":0,"menu_order":0,"comment_status":"closed","ping_status":"closed","template":"","meta":{"footnotes":""},"class_list":["post-5375","page","type-page","status-publish","hentry"],"_links":{"self":[{"href":"https:\/\/anphat.tech\/index.php?rest_route=\/wp\/v2\/pages\/5375","targetHints":{"allow":["GET"]}}],"collection":[{"href":"https:\/\/anphat.tech\/index.php?rest_route=\/wp\/v2\/pages"}],"about":[{"href":"https:\/\/anphat.tech\/index.php?rest_route=\/wp\/v2\/types\/page"}],"author":[{"embeddable":true,"href":"https:\/\/anphat.tech\/index.php?rest_route=\/wp\/v2\/users\/1"}],"replies":[{"embeddable":true,"href":"https:\/\/anphat.tech\/index.php?rest_route=%2Fwp%2Fv2%2Fcomments&post=5375"}],"version-history":[{"count":16,"href":"https:\/\/anphat.tech\/index.php?rest_route=\/wp\/v2\/pages\/5375\/revisions"}],"predecessor-version":[{"id":15068,"href":"https:\/\/anphat.tech\/index.php?rest_route=\/wp\/v2\/pages\/5375\/revisions\/15068"}],"wp:attachment":[{"href":"https:\/\/anphat.tech\/index.php?rest_route=%2Fwp%2Fv2%2Fmedia&parent=5375"}],"curies":[{"name":"wp","href":"https:\/\/api.w.org\/{rel}","templated":true}]}}