{"id":2743,"date":"2022-09-06T03:23:58","date_gmt":"2022-09-06T03:23:58","guid":{"rendered":"https:\/\/demo.oceanthemes.site\/sandbox\/?page_id=2743"},"modified":"2023-04-05T16:14:30","modified_gmt":"2023-04-05T16:14:30","slug":"contact-2","status":"publish","type":"page","link":"https:\/\/anphat.tech\/?page_id=2743","title":{"rendered":"anInventory \u2013 Qu\u1ea3n l\u00fd kho"},"content":{"rendered":"\t\t<div data-elementor-type=\"wp-page\" data-elementor-id=\"2743\" class=\"elementor elementor-2743\">\n\t\t\t\t\t\t\t\t\t<section class=\"elementor-section elementor-top-section elementor-element elementor-element-6b3b046 elementor-section-boxed elementor-section-height-default elementor-section-height-default\" data-id=\"6b3b046\" data-element_type=\"section\" data-settings=\"{&quot;background_background&quot;:&quot;classic&quot;,&quot;shape_divider_bottom&quot;:&quot;tilt&quot;}\">\n\t\t\t\t\t\t\t<div class=\"elementor-background-overlay\"><\/div>\n\t\t\t\t\t\t<div class=\"elementor-shape elementor-shape-bottom\" data-negative=\"false\">\n\t\t\t<svg xmlns=\"http:\/\/www.w3.org\/2000\/svg\" viewBox=\"0 0 1000 100\" preserveAspectRatio=\"none\">\n\t<path class=\"elementor-shape-fill\" d=\"M0,6V0h1000v100L0,6z\"\/>\n<\/svg>\t\t<\/div>\n\t\t\t\t\t<div class=\"elementor-container elementor-column-gap-extended\">\n\t\t\t\t\t<div class=\"elementor-column elementor-col-100 elementor-top-column elementor-element elementor-element-bdc6d6d\" data-id=\"bdc6d6d\" data-element_type=\"column\">\n\t\t\t<div class=\"elementor-widget-wrap elementor-element-populated\">\n\t\t\t\t\t\t\t\t<div class=\"elementor-element elementor-element-41afd52 elementor-widget elementor-widget-heading\" data-id=\"41afd52\" data-element_type=\"widget\" data-widget_type=\"heading.default\">\n\t\t\t\t<div class=\"elementor-widget-container\">\n\t\t\t<style>\/*! elementor - v3.11.2 - 22-02-2023 *\/\n.elementor-heading-title{padding:0;margin:0;line-height:1}.elementor-widget-heading .elementor-heading-title[class*=elementor-size-]>a{color:inherit;font-size:inherit;line-height:inherit}.elementor-widget-heading .elementor-heading-title.elementor-size-small{font-size:15px}.elementor-widget-heading .elementor-heading-title.elementor-size-medium{font-size:19px}.elementor-widget-heading .elementor-heading-title.elementor-size-large{font-size:29px}.elementor-widget-heading .elementor-heading-title.elementor-size-xl{font-size:39px}.elementor-widget-heading .elementor-heading-title.elementor-size-xxl{font-size:59px}<\/style><h2 class=\"elementor-heading-title elementor-size-default\">Qu\u1ea3n l\u00fd kho h\u00e0ng<\/h2>\t\t<\/div>\n\t\t\t\t<\/div>\n\t\t\t\t<div class=\"elementor-element elementor-element-a3dafab elementor-icon-list--layout-inline elementor-align-center elementor-list-item-link-full_width elementor-widget elementor-widget-icon-list\" data-id=\"a3dafab\" data-element_type=\"widget\" data-widget_type=\"icon-list.default\">\n\t\t\t\t<div class=\"elementor-widget-container\">\n\t\t\t<link rel=\"stylesheet\" href=\"http:\/\/anphat.tech\/wp-content\/plugins\/elementor\/assets\/css\/widget-icon-list.min.css\">\t\t<ul class=\"elementor-icon-list-items elementor-inline-items\">\n\t\t\t\t\t\t\t<li class=\"elementor-icon-list-item elementor-inline-item\">\n\t\t\t\t\t\t\t\t\t\t\t<a href=\"https:\/\/demo.oceanthemes.site\/sandbox\/\">\n\n\t\t\t\t\t\t\t\t\t\t\t<span class=\"elementor-icon-list-text\">Home<\/span>\n\t\t\t\t\t\t\t\t\t\t\t<\/a>\n\t\t\t\t\t\t\t\t\t<\/li>\n\t\t\t\t\t\t\t\t<li class=\"elementor-icon-list-item elementor-inline-item\">\n\t\t\t\t\t\t\t\t\t\t\t<span class=\"elementor-icon-list-icon\">\n\t\t\t\t\t\t\t<i aria-hidden=\"true\" class=\" uil-angle-right-b\"><\/i>\t\t\t\t\t\t<\/span>\n\t\t\t\t\t\t\t\t\t\t<span class=\"elementor-icon-list-text\">Contact<\/span>\n\t\t\t\t\t\t\t\t\t<\/li>\n\t\t\t\t\t\t<\/ul>\n\t\t\t\t<\/div>\n\t\t\t\t<\/div>\n\t\t\t\t\t<\/div>\n\t\t<\/div>\n\t\t\t\t\t\t\t<\/div>\n\t\t<\/section>\n\t\t\t\t<section class=\"elementor-section elementor-top-section elementor-element elementor-element-cb151cf elementor-section-content-middle elementor-section-boxed elementor-section-height-default elementor-section-height-default\" data-id=\"cb151cf\" data-element_type=\"section\">\n\t\t\t\t\t\t<div class=\"elementor-container elementor-column-gap-no\">\n\t\t\t\t\t<div class=\"elementor-column elementor-col-66 elementor-top-column elementor-element elementor-element-d1b24d0\" data-id=\"d1b24d0\" data-element_type=\"column\">\n\t\t\t<div class=\"elementor-widget-wrap elementor-element-populated\">\n\t\t\t\t\t\t\t\t<section class=\"elementor-section elementor-inner-section elementor-element elementor-element-5355985 elementor-section-content-middle elementor-section-boxed elementor-section-height-default elementor-section-height-default\" data-id=\"5355985\" data-element_type=\"section\">\n\t\t\t\t\t\t<div class=\"elementor-container elementor-column-gap-default\">\n\t\t\t\t\t<div class=\"elementor-column elementor-col-50 elementor-inner-column elementor-element elementor-element-3a8a8f5\" data-id=\"3a8a8f5\" data-element_type=\"column\">\n\t\t\t<div class=\"elementor-widget-wrap elementor-element-populated\">\n\t\t\t\t\t\t\t\t<div class=\"elementor-element elementor-element-555a310 elementor-widget elementor-widget-image\" data-id=\"555a310\" data-element_type=\"widget\" data-widget_type=\"image.default\">\n\t\t\t\t<div class=\"elementor-widget-container\">\n\t\t\t<style>\/*! elementor - v3.11.2 - 22-02-2023 *\/\n.elementor-widget-image{text-align:center}.elementor-widget-image a{display:inline-block}.elementor-widget-image a img[src$=\".svg\"]{width:48px}.elementor-widget-image img{vertical-align:middle;display:inline-block}<\/style>\t\t\t\t\t\t\t\t\t\t\t\t<img loading=\"lazy\" decoding=\"async\" width=\"700\" height=\"700\" src=\"https:\/\/anphat.tech\/wp-content\/uploads\/2022\/09\/services_img_hs5.jpg\" class=\"attachment-full size-full wp-image-2874\" alt=\"\" srcset=\"https:\/\/anphat.tech\/wp-content\/uploads\/2022\/09\/services_img_hs5.jpg 700w, https:\/\/anphat.tech\/wp-content\/uploads\/2022\/09\/services_img_hs5-300x300.jpg 300w, https:\/\/anphat.tech\/wp-content\/uploads\/2022\/09\/services_img_hs5-150x150.jpg 150w\" sizes=\"auto, (max-width: 700px) 100vw, 700px\" \/>\t\t\t\t\t\t\t\t\t\t\t\t\t\t\t<\/div>\n\t\t\t\t<\/div>\n\t\t\t\t<div class=\"elementor-element elementor-element-813947e elementor-absolute elementor-widget elementor-widget-html\" data-id=\"813947e\" data-element_type=\"widget\" data-settings=\"{&quot;_position&quot;:&quot;absolute&quot;}\" data-widget_type=\"html.default\">\n\t\t\t\t<div class=\"elementor-widget-container\">\n\t\t\t<div class=\"bg-dot primary rellax w-18 h-18\" data-rellax-speed=\"1\" ><\/div>\t\t<\/div>\n\t\t\t\t<\/div>\n\t\t\t\t\t<\/div>\n\t\t<\/div>\n\t\t\t\t<div class=\"elementor-column elementor-col-50 elementor-inner-column elementor-element elementor-element-89fe666\" data-id=\"89fe666\" data-element_type=\"column\">\n\t\t\t<div class=\"elementor-widget-wrap elementor-element-populated\">\n\t\t\t\t\t\t\t\t<div class=\"elementor-element elementor-element-917ebb8 elementor-widget elementor-widget-counter\" data-id=\"917ebb8\" data-element_type=\"widget\" data-widget_type=\"counter.default\">\n\t\t\t\t<div class=\"elementor-widget-container\">\n\t\t\t<style>\/*! elementor - v3.11.2 - 22-02-2023 *\/\n.elementor-counter .elementor-counter-number-wrapper{display:flex;font-size:69px;font-weight:600;line-height:1}.elementor-counter .elementor-counter-number-prefix,.elementor-counter .elementor-counter-number-suffix{flex-grow:1;white-space:pre-wrap}.elementor-counter .elementor-counter-number-prefix{text-align:right}.elementor-counter .elementor-counter-number-suffix{text-align:left}.elementor-counter .elementor-counter-title{text-align:center;font-size:19px;font-weight:400;line-height:2.5}<\/style>\t\t<div class=\"elementor-counter\">\n\t\t\t<div class=\"elementor-counter-number-wrapper\">\n\t\t\t\t<span class=\"elementor-counter-number-prefix\"><\/span>\n\t\t\t\t<span class=\"elementor-counter-number\" data-duration=\"2000\" data-to-value=\"5000\" data-from-value=\"0\">0<\/span>\n\t\t\t\t<span class=\"elementor-counter-number-suffix\">+<\/span>\n\t\t\t<\/div>\n\t\t\t\t\t\t\t<div class=\"elementor-counter-title\">Satisfied Customers<\/div>\n\t\t\t\t\t<\/div>\n\t\t\t\t<\/div>\n\t\t\t\t<\/div>\n\t\t\t\t<div class=\"elementor-element elementor-element-059d214 elementor-widget elementor-widget-image\" data-id=\"059d214\" data-element_type=\"widget\" data-widget_type=\"image.default\">\n\t\t\t\t<div class=\"elementor-widget-container\">\n\t\t\t\t\t\t\t\t\t\t\t\t\t\t\t<img loading=\"lazy\" decoding=\"async\" width=\"750\" height=\"500\" src=\"https:\/\/anphat.tech\/wp-content\/uploads\/2022\/09\/services_img_hs6.jpg\" class=\"attachment-full size-full wp-image-2875\" alt=\"\" srcset=\"https:\/\/anphat.tech\/wp-content\/uploads\/2022\/09\/services_img_hs6.jpg 750w, https:\/\/anphat.tech\/wp-content\/uploads\/2022\/09\/services_img_hs6-300x200.jpg 300w\" sizes=\"auto, (max-width: 750px) 100vw, 750px\" \/>\t\t\t\t\t\t\t\t\t\t\t\t\t\t\t<\/div>\n\t\t\t\t<\/div>\n\t\t\t\t\t<\/div>\n\t\t<\/div>\n\t\t\t\t\t\t\t<\/div>\n\t\t<\/section>\n\t\t\t\t\t<\/div>\n\t\t<\/div>\n\t\t\t\t<div class=\"elementor-column elementor-col-33 elementor-top-column elementor-element elementor-element-fbb00a8\" data-id=\"fbb00a8\" data-element_type=\"column\">\n\t\t\t<div class=\"elementor-widget-wrap elementor-element-populated\">\n\t\t\t\t\t\t\t\t<div class=\"elementor-element elementor-element-2952285 elementor-widget elementor-widget-heading\" data-id=\"2952285\" data-element_type=\"widget\" data-widget_type=\"heading.default\">\n\t\t\t\t<div class=\"elementor-widget-container\">\n\t\t\t<h2 class=\"elementor-heading-title elementor-size-default\">D\u1ec5 d\u00e0ng s\u1eed d\u1ee5ng, h\u00e3y tr\u1ea3i nghi\u1ec7m ngay<\/h2>\t\t<\/div>\n\t\t\t\t<\/div>\n\t\t\t\t<div class=\"elementor-element elementor-element-8dc247e ot-position-left ot-view-default ot-vertical-align-top elementor-widget elementor-widget-ot-iconbox\" data-id=\"8dc247e\" data-element_type=\"widget\" data-widget_type=\"ot-iconbox.default\">\n\t\t\t\t<div class=\"elementor-widget-container\">\n\t\t\t\t\t<div class=\"ot-icon-box box-content\">\r\n\t\t\t\t\t\t<div class=\"ot-icon-box__icon flex-gap\">\r\n\t\t\t\t<i aria-hidden=\"true\" class=\" uil-phone-volume\"><\/i>\t        <\/div>\r\n\t        \t        <div class=\"ot-icon-box__content\">\r\n\t        \t<h4 class=\"icon-box-title\">Menu \u0111a d\u1ea1ng<\/h4>\t\t\t\t<div class=\"icon-box-des\">D\u1ec5 d\u00e0ng t\u00f9y ch\u1ec9nh l\u1ea1i giao di\u1ec7n s\u1eed d\u1ee5ng.\nCho ph\u00e9p l\u1ef1a ch\u1ecdn nh\u1eefng t\u00ednh n\u0103ng c\u1ea7n thi\u1ebft.<\/div>\t\t\t\t\t\t\t<\/div>\t\r\n\t    <\/div>\r\n\t    \t\t<\/div>\n\t\t\t\t<\/div>\n\t\t\t\t<div class=\"elementor-element elementor-element-66b44ce ot-position-left ot-view-default ot-vertical-align-top elementor-widget elementor-widget-ot-iconbox\" data-id=\"66b44ce\" data-element_type=\"widget\" data-widget_type=\"ot-iconbox.default\">\n\t\t\t\t<div class=\"elementor-widget-container\">\n\t\t\t\t\t<div class=\"ot-icon-box box-content\">\r\n\t\t\t\t\t\t<div class=\"ot-icon-box__icon flex-gap\">\r\n\t\t\t\t<i aria-hidden=\"true\" class=\" uil-location-pin-alt\"><\/i>\t        <\/div>\r\n\t        \t        <div class=\"ot-icon-box__content\">\r\n\t        \t<h4 class=\"icon-box-title\">B\u00e1o c\u00e1o<\/h4>\t\t\t\t<div class=\"icon-box-des\">B\u00e1o c\u00e1o c\u1eadp nh\u1eadt theo th\u1eddi gian th\u1ef1c<\/div>\t\t\t\t\t\t\t<\/div>\t\r\n\t    <\/div>\r\n\t    \t\t<\/div>\n\t\t\t\t<\/div>\n\t\t\t\t<div class=\"elementor-element elementor-element-bd2dee0 ot-position-left ot-view-default ot-vertical-align-top elementor-widget elementor-widget-ot-iconbox\" data-id=\"bd2dee0\" data-element_type=\"widget\" data-widget_type=\"ot-iconbox.default\">\n\t\t\t\t<div class=\"elementor-widget-container\">\n\t\t\t\t\t<div class=\"ot-icon-box box-content\">\r\n\t\t\t\t\t\t<div class=\"ot-icon-box__icon flex-gap\">\r\n\t\t\t\t<i aria-hidden=\"true\" class=\" uil-envelope\"><\/i>\t        <\/div>\r\n\t        \t        <div class=\"ot-icon-box__content\">\r\n\t        \t<h4 class=\"icon-box-title\">Qu\u1ea3n l\u00fd t\u1ed3n kho theo th\u1eddi gian th\u1ef1c<\/h4>\t\t\t\t<div class=\"icon-box-des\">Ng\u01b0\u1eddi qu\u1ea3n l\u00fd c\u00f3 th\u1ec3 n\u1eafm b\u1eaft t\u00ecnh tr\u1ea1ng t\u1ed3n c\u1ee7a t\u1eebng kho nhanh ch\u00f3ng, ch\u00ednh x\u00e1c<\/div>\t\t\t\t\t\t\t<\/div>\t\r\n\t    <\/div>\r\n\t    \t\t<\/div>\n\t\t\t\t<\/div>\n\t\t\t\t\t<\/div>\n\t\t<\/div>\n\t\t\t\t\t\t\t<\/div>\n\t\t<\/section>\n\t\t\t\t<section class=\"elementor-section elementor-top-section elementor-element elementor-element-ec0cfbb elementor-section-boxed elementor-section-height-default elementor-section-height-default\" data-id=\"ec0cfbb\" data-element_type=\"section\">\n\t\t\t\t\t\t<div class=\"elementor-container elementor-column-gap-extended\">\n\t\t\t\t\t<div class=\"elementor-column elementor-col-33 elementor-top-column elementor-element elementor-element-4f10c27\" data-id=\"4f10c27\" data-element_type=\"column\">\n\t\t\t<div class=\"elementor-widget-wrap\">\n\t\t\t\t\t\t\t\t\t<\/div>\n\t\t<\/div>\n\t\t\t\t<div class=\"elementor-column elementor-col-33 elementor-top-column elementor-element elementor-element-ae4d4e1\" data-id=\"ae4d4e1\" data-element_type=\"column\">\n\t\t\t<div class=\"elementor-widget-wrap elementor-element-populated\">\n\t\t\t\t\t\t\t\t<div class=\"elementor-element elementor-element-07fc05c elementor-widget elementor-widget-heading\" data-id=\"07fc05c\" data-element_type=\"widget\" data-widget_type=\"heading.default\">\n\t\t\t\t<div class=\"elementor-widget-container\">\n\t\t\t<h2 class=\"elementor-heading-title elementor-size-default\">Li\u00ean h\u1ec7 v\u1edbi ch\u00fang t\u00f4i<\/h2>\t\t<\/div>\n\t\t\t\t<\/div>\n\t\t\t\t<div class=\"elementor-element elementor-element-1009c37 elementor-widget elementor-widget-text-editor\" data-id=\"1009c37\" data-element_type=\"widget\" data-widget_type=\"text-editor.default\">\n\t\t\t\t<div class=\"elementor-widget-container\">\n\t\t\t<style>\/*! elementor - v3.11.2 - 22-02-2023 *\/\n.elementor-widget-text-editor.elementor-drop-cap-view-stacked .elementor-drop-cap{background-color:#818a91;color:#fff}.elementor-widget-text-editor.elementor-drop-cap-view-framed .elementor-drop-cap{color:#818a91;border:3px solid;background-color:transparent}.elementor-widget-text-editor:not(.elementor-drop-cap-view-default) .elementor-drop-cap{margin-top:8px}.elementor-widget-text-editor:not(.elementor-drop-cap-view-default) .elementor-drop-cap-letter{width:1em;height:1em}.elementor-widget-text-editor .elementor-drop-cap{float:left;text-align:center;line-height:1;font-size:50px}.elementor-widget-text-editor .elementor-drop-cap-letter{display:inline-block}<\/style>\t\t\t\t\t\t\t\t\t\t<\/div>\n\t\t\t\t<\/div>\n\t\t\t\t<div class=\"elementor-element elementor-element-33ef404 elementor-widget elementor-widget-shortcode\" data-id=\"33ef404\" data-element_type=\"widget\" data-widget_type=\"shortcode.default\">\n\t\t\t\t<div class=\"elementor-widget-container\">\n\t\t\t\t\t<div class=\"elementor-shortcode\">\n<div class=\"wpcf7 no-js\" id=\"wpcf7-f2414-o1\" lang=\"en-US\" dir=\"ltr\">\n<div class=\"screen-reader-response\"><p role=\"status\" aria-live=\"polite\" aria-atomic=\"true\"><\/p> <ul><\/ul><\/div>\n<form action=\"\/index.php?rest_route=%2Fwp%2Fv2%2Fpages%2F2743#wpcf7-f2414-o1\" method=\"post\" class=\"wpcf7-form init\" aria-label=\"Contact form\" novalidate=\"novalidate\" data-status=\"init\">\n<div style=\"display: none;\">\n<input type=\"hidden\" name=\"_wpcf7\" value=\"2414\" \/>\n<input type=\"hidden\" name=\"_wpcf7_version\" value=\"5.7.4\" \/>\n<input type=\"hidden\" name=\"_wpcf7_locale\" value=\"en_US\" \/>\n<input type=\"hidden\" name=\"_wpcf7_unit_tag\" value=\"wpcf7-f2414-o1\" \/>\n<input type=\"hidden\" name=\"_wpcf7_container_post\" value=\"0\" \/>\n<input type=\"hidden\" name=\"_wpcf7_posted_data_hash\" value=\"\" \/>\n<\/div>\n<div class=\"row gap-20\">\n\t<div class=\"col-md-6\">\n\t\t<div class=\"form-floating\">\n\t\t\t<p><input size=\"40\" class=\"wpcf7-form-control wpcf7-text wpcf7-validates-as-required form-control\" aria-required=\"true\" aria-invalid=\"false\" placeholder=\"H\u1ecd t\u00ean \u0111\u1ec7m *\" value=\"\" type=\"text\" name=\"your-fname\" \/><label> H\u1ecd t\u00ean \u0111\u1ec7m *<\/label>\n\t\t\t<\/p>\n\t\t<\/div>\n\t<\/div>\n\t<div class=\"col-md-6\">\n\t\t<div class=\"form-floating\">\n\t\t\t<p><input size=\"40\" class=\"wpcf7-form-control wpcf7-text wpcf7-validates-as-required form-control\" aria-required=\"true\" aria-invalid=\"false\" placeholder=\"T\u00ean *\" value=\"\" type=\"text\" name=\"your-lname\" \/><label> T\u00ean *<\/label>\n\t\t\t<\/p>\n\t\t<\/div>\n\t<\/div>\n<\/div>\n<div class=\"row gap-20\">\n\t<div class=\"col-md-6\">\n\t\t<div class=\"form-floating\">\n\t\t\t<p><input size=\"40\" class=\"wpcf7-form-control wpcf7-text wpcf7-email wpcf7-validates-as-required wpcf7-validates-as-email form-control\" aria-required=\"true\" aria-invalid=\"false\" placeholder=\"Email *\" value=\"\" type=\"email\" name=\"your-email\" \/><label> Email *<\/label>\n\t\t\t<\/p>\n\t\t<\/div>\n\t<\/div>\n\t<div class=\"col-md-6\">\n\t\t<div class=\"form-floating\">\n\t\t\t<p><select class=\"wpcf7-form-control wpcf7-select form-select\" aria-invalid=\"false\" name=\"department\"><option value=\"\">&#8212;Please choose an option&#8212;<\/option><option value=\"Ph\u1ea7n m\u1ec1m theo y\u00eau c\u1ea7u\">Ph\u1ea7n m\u1ec1m theo y\u00eau c\u1ea7u<\/option><option value=\"Qu\u1ea3n l\u00fd k\u00eanh ph\u00e2n ph\u1ed1i\">Qu\u1ea3n l\u00fd k\u00eanh ph\u00e2n ph\u1ed1i<\/option><option value=\"Qu\u1ea3n l\u00fd b\u00e1n h\u00e0ng\">Qu\u1ea3n l\u00fd b\u00e1n h\u00e0ng<\/option><option value=\"Mobile App\">Mobile App<\/option><option value=\"N\u1ed9i dung kh\u00e1c\">N\u1ed9i dung kh\u00e1c<\/option><\/select><label> Ch\u1ecdn ch\u1ee7 \u0111\u1ec1<\/label>\n\t\t\t<\/p>\n\t\t<\/div>\n\t<\/div>\n<\/div>\n<div class=\"form-floating h150\">\n\t<p><textarea cols=\"40\" rows=\"10\" class=\"wpcf7-form-control wpcf7-textarea form-control\" aria-invalid=\"false\" placeholder=\"Message *\" name=\"your-message\"><\/textarea><label> N\u1ed9i dung y\u00eau c\u1ea7u *<\/label>\n\t<\/p>\n<\/div>\n<p class=\"text-center\">\n<input class=\"wpcf7-form-control has-spinner wpcf7-submit octf-btn\" type=\"submit\" value=\"G\u1eedi y\u00eau c\u1ea7u\" \/>\n<\/p>\n<p class=\"text-muted text-center\">* L\u00e0 c\u00e1c tr\u01b0\u1eddng b\u1eaft bu\u1ed9c.\n<\/p><p style=\"display: none !important;\"><label>&#916;<textarea name=\"_wpcf7_ak_hp_textarea\" cols=\"45\" rows=\"8\" maxlength=\"100\"><\/textarea><\/label><input type=\"hidden\" id=\"ak_js_1\" name=\"_wpcf7_ak_js\" value=\"72\"\/><script>document.getElementById( \"ak_js_1\" ).setAttribute( \"value\", ( new Date() ).getTime() );<\/script><\/p><div class=\"wpcf7-response-output\" aria-hidden=\"true\"><\/div>\n<\/form>\n<\/div>\n<\/div>\n\t\t\t\t<\/div>\n\t\t\t\t<\/div>\n\t\t\t\t\t<\/div>\n\t\t<\/div>\n\t\t\t\t<div class=\"elementor-column elementor-col-33 elementor-top-column elementor-element elementor-element-615d5a8\" data-id=\"615d5a8\" data-element_type=\"column\">\n\t\t\t<div class=\"elementor-widget-wrap\">\n\t\t\t\t\t\t\t\t\t<\/div>\n\t\t<\/div>\n\t\t\t\t\t\t\t<\/div>\n\t\t<\/section>\n\t\t\t\t\t\t\t<\/div>\n\t\t","protected":false},"excerpt":{"rendered":"<p>Qu\u1ea3n l\u00fd kho h\u00e0ng Home Contact 0 + Satisfied Customers D\u1ec5 d\u00e0ng s\u1eed d\u1ee5ng, h\u00e3y tr\u1ea3i nghi\u1ec7m ngay Menu \u0111a d\u1ea1ng D\u1ec5 d\u00e0ng t\u00f9y ch\u1ec9nh l\u1ea1i giao di\u1ec7n s\u1eed d\u1ee5ng. Cho ph\u00e9p l\u1ef1a ch\u1ecdn nh\u1eefng t\u00ednh n\u0103ng c\u1ea7n thi\u1ebft. B\u00e1o c\u00e1o B\u00e1o c\u00e1o c\u1eadp nh\u1eadt theo th\u1eddi gian th\u1ef1c Qu\u1ea3n l\u00fd t\u1ed3n kho theo th\u1eddi [&hellip;]<\/p>\n","protected":false},"author":1,"featured_media":0,"parent":0,"menu_order":0,"comment_status":"closed","ping_status":"closed","template":"","meta":{"footnotes":""},"class_list":["post-2743","page","type-page","status-publish","hentry"],"_links":{"self":[{"href":"https:\/\/anphat.tech\/index.php?rest_route=\/wp\/v2\/pages\/2743","targetHints":{"allow":["GET"]}}],"collection":[{"href":"https:\/\/anphat.tech\/index.php?rest_route=\/wp\/v2\/pages"}],"about":[{"href":"https:\/\/anphat.tech\/index.php?rest_route=\/wp\/v2\/types\/page"}],"author":[{"embeddable":true,"href":"https:\/\/anphat.tech\/index.php?rest_route=\/wp\/v2\/users\/1"}],"replies":[{"embeddable":true,"href":"https:\/\/anphat.tech\/index.php?rest_route=%2Fwp%2Fv2%2Fcomments&post=2743"}],"version-history":[{"count":10,"href":"https:\/\/anphat.tech\/index.php?rest_route=\/wp\/v2\/pages\/2743\/revisions"}],"predecessor-version":[{"id":15051,"href":"https:\/\/anphat.tech\/index.php?rest_route=\/wp\/v2\/pages\/2743\/revisions\/15051"}],"wp:attachment":[{"href":"https:\/\/anphat.tech\/index.php?rest_route=%2Fwp%2Fv2%2Fmedia&parent=2743"}],"curies":[{"name":"wp","href":"https:\/\/api.w.org\/{rel}","templated":true}]}}