{"id":2415,"date":"2022-09-05T08:12:36","date_gmt":"2022-09-05T08:12:36","guid":{"rendered":"https:\/\/demo.oceanthemes.site\/sandbox\/?page_id=2415"},"modified":"2025-10-06T01:21:38","modified_gmt":"2025-10-06T01:21:38","slug":"contact-1","status":"publish","type":"page","link":"https:\/\/anphat.tech\/?page_id=2415","title":{"rendered":"Li\u00ean h\u1ec7"},"content":{"rendered":"\t\t<div data-elementor-type=\"wp-page\" data-elementor-id=\"2415\" class=\"elementor elementor-2415\">\n\t\t\t\t\t\t\t\t\t<section class=\"elementor-section elementor-top-section elementor-element elementor-element-6939de6 elementor-section-boxed elementor-section-height-default elementor-section-height-default\" data-id=\"6939de6\" data-element_type=\"section\" data-settings=\"{&quot;background_background&quot;:&quot;classic&quot;,&quot;shape_divider_bottom&quot;:&quot;tilt&quot;}\">\n\t\t\t\t\t\t\t<div class=\"elementor-background-overlay\"><\/div>\n\t\t\t\t\t\t<div class=\"elementor-shape elementor-shape-bottom\" data-negative=\"false\">\n\t\t\t<svg xmlns=\"http:\/\/www.w3.org\/2000\/svg\" viewBox=\"0 0 1000 100\" preserveAspectRatio=\"none\">\n\t<path class=\"elementor-shape-fill\" d=\"M0,6V0h1000v100L0,6z\"\/>\n<\/svg>\t\t<\/div>\n\t\t\t\t\t<div class=\"elementor-container elementor-column-gap-extended\">\n\t\t\t\t\t<div class=\"elementor-column elementor-col-100 elementor-top-column elementor-element elementor-element-65102dc\" data-id=\"65102dc\" data-element_type=\"column\">\n\t\t\t<div class=\"elementor-widget-wrap elementor-element-populated\">\n\t\t\t\t\t\t\t\t<div class=\"elementor-element elementor-element-bf5fe28 elementor-widget elementor-widget-heading\" data-id=\"bf5fe28\" data-element_type=\"widget\" data-widget_type=\"heading.default\">\n\t\t\t\t<div class=\"elementor-widget-container\">\n\t\t\t<style>\/*! elementor - v3.11.2 - 22-02-2023 *\/\n.elementor-heading-title{padding:0;margin:0;line-height:1}.elementor-widget-heading .elementor-heading-title[class*=elementor-size-]>a{color:inherit;font-size:inherit;line-height:inherit}.elementor-widget-heading .elementor-heading-title.elementor-size-small{font-size:15px}.elementor-widget-heading .elementor-heading-title.elementor-size-medium{font-size:19px}.elementor-widget-heading .elementor-heading-title.elementor-size-large{font-size:29px}.elementor-widget-heading .elementor-heading-title.elementor-size-xl{font-size:39px}.elementor-widget-heading .elementor-heading-title.elementor-size-xxl{font-size:59px}<\/style><h2 class=\"elementor-heading-title elementor-size-default\">Li\u00ean h\u1ec7 v\u1edbi ch\u00fang t\u00f4i<\/h2>\t\t<\/div>\n\t\t\t\t<\/div>\n\t\t\t\t<div class=\"elementor-element elementor-element-abb2d1d elementor-icon-list--layout-inline elementor-align-center elementor-list-item-link-full_width elementor-widget elementor-widget-icon-list\" data-id=\"abb2d1d\" data-element_type=\"widget\" data-widget_type=\"icon-list.default\">\n\t\t\t\t<div class=\"elementor-widget-container\">\n\t\t\t<link rel=\"stylesheet\" href=\"http:\/\/anphat.tech\/wp-content\/plugins\/elementor\/assets\/css\/widget-icon-list.min.css\">\t\t<ul class=\"elementor-icon-list-items elementor-inline-items\">\n\t\t\t\t\t\t\t<li class=\"elementor-icon-list-item elementor-inline-item\">\n\t\t\t\t\t\t\t\t\t\t\t<a href=\"https:\/\/demo.oceanthemes.site\/sandbox\/\">\n\n\t\t\t\t\t\t\t\t\t\t\t<span class=\"elementor-icon-list-text\">Home<\/span>\n\t\t\t\t\t\t\t\t\t\t\t<\/a>\n\t\t\t\t\t\t\t\t\t<\/li>\n\t\t\t\t\t\t\t\t<li class=\"elementor-icon-list-item elementor-inline-item\">\n\t\t\t\t\t\t\t\t\t\t\t<span class=\"elementor-icon-list-icon\">\n\t\t\t\t\t\t\t<i aria-hidden=\"true\" class=\" uil-angle-right-b\"><\/i>\t\t\t\t\t\t<\/span>\n\t\t\t\t\t\t\t\t\t\t<span class=\"elementor-icon-list-text\">Contact<\/span>\n\t\t\t\t\t\t\t\t\t<\/li>\n\t\t\t\t\t\t<\/ul>\n\t\t\t\t<\/div>\n\t\t\t\t<\/div>\n\t\t\t\t\t<\/div>\n\t\t<\/div>\n\t\t\t\t\t\t\t<\/div>\n\t\t<\/section>\n\t\t\t\t<section class=\"elementor-section elementor-top-section elementor-element elementor-element-b4ba19f elementor-section-boxed elementor-section-height-default elementor-section-height-default\" data-id=\"b4ba19f\" data-element_type=\"section\" data-settings=\"{&quot;background_background&quot;:&quot;classic&quot;}\">\n\t\t\t\t\t\t<div class=\"elementor-container elementor-column-gap-default\">\n\t\t\t\t\t<div class=\"elementor-column elementor-col-33 elementor-top-column elementor-element elementor-element-a9f32f4\" data-id=\"a9f32f4\" data-element_type=\"column\">\n\t\t\t<div class=\"elementor-widget-wrap\">\n\t\t\t\t\t\t\t\t\t<\/div>\n\t\t<\/div>\n\t\t\t\t<div class=\"elementor-column elementor-col-33 elementor-top-column elementor-element elementor-element-4345525\" data-id=\"4345525\" data-element_type=\"column\">\n\t\t\t<div class=\"elementor-widget-wrap elementor-element-populated\">\n\t\t\t\t\t\t\t\t<section class=\"elementor-section elementor-inner-section elementor-element elementor-element-a72a862 elementor-section-content-middle elementor-section-boxed elementor-section-height-default elementor-section-height-default\" data-id=\"a72a862\" data-element_type=\"section\">\n\t\t\t\t\t\t<div class=\"elementor-container elementor-column-gap-no\">\n\t\t\t\t\t<div class=\"elementor-column elementor-col-50 elementor-inner-column elementor-element elementor-element-f4b26d4\" data-id=\"f4b26d4\" data-element_type=\"column\">\n\t\t\t<div class=\"elementor-widget-wrap elementor-element-populated\">\n\t\t\t\t\t\t\t\t<div class=\"elementor-element elementor-element-64a2ff5 elementor-widget elementor-widget-google_maps\" data-id=\"64a2ff5\" data-element_type=\"widget\" data-widget_type=\"google_maps.default\">\n\t\t\t\t<div class=\"elementor-widget-container\">\n\t\t\t<style>\/*! elementor - v3.11.2 - 22-02-2023 *\/\n.elementor-widget-google_maps .elementor-widget-container{overflow:hidden}.elementor-widget-google_maps .elementor-custom-embed{line-height:0}.elementor-widget-google_maps iframe{height:300px}<\/style>\t\t<div class=\"elementor-custom-embed\">\n\t\t\t<iframe loading=\"lazy\"\n\t\t\t\t\tsrc=\"https:\/\/maps.google.com\/maps?q=An%20H%C6%B0ng%2C%20Ph%C6%B0%E1%BB%9Dng%20La%20Kh%C3%AA%2C%20H%C3%A0%20%C4%90%C3%B4ng&#038;t=m&#038;z=12&#038;output=embed&#038;iwloc=near\"\n\t\t\t\t\ttitle=\"An H\u01b0ng, Ph\u01b0\u1eddng La Kh\u00ea, H\u00e0 \u0110\u00f4ng\"\n\t\t\t\t\taria-label=\"An H\u01b0ng, Ph\u01b0\u1eddng La Kh\u00ea, H\u00e0 \u0110\u00f4ng\"\n\t\t\t><\/iframe>\n\t\t<\/div>\n\t\t\t\t<\/div>\n\t\t\t\t<\/div>\n\t\t\t\t\t<\/div>\n\t\t<\/div>\n\t\t\t\t<div class=\"elementor-column elementor-col-50 elementor-inner-column elementor-element elementor-element-85d75a3\" data-id=\"85d75a3\" data-element_type=\"column\" data-settings=\"{&quot;background_background&quot;:&quot;classic&quot;}\">\n\t\t\t<div class=\"elementor-widget-wrap elementor-element-populated\">\n\t\t\t\t\t\t\t\t<div class=\"elementor-element elementor-element-2a8d2e6 ot-position-left ot-view-default ot-vertical-align-top elementor-widget elementor-widget-ot-iconbox\" data-id=\"2a8d2e6\" data-element_type=\"widget\" data-widget_type=\"ot-iconbox.default\">\n\t\t\t\t<div class=\"elementor-widget-container\">\n\t\t\t\t\t<div class=\"ot-icon-box box-content\">\r\n\t\t\t\t\t\t<div class=\"ot-icon-box__icon flex-gap\">\r\n\t\t\t\t<i aria-hidden=\"true\" class=\" uil-location-pin-alt\"><\/i>\t        <\/div>\r\n\t        \t        <div class=\"ot-icon-box__content\">\r\n\t        \t<h4 class=\"icon-box-title\">\u0110\u1ecba ch\u1ec9<\/h4>\t\t\t\t<div class=\"icon-box-des\">Ph\u00f2ng 608 T\u00f2a nh\u00e0 EUROWINDOW, s\u1ed1 27 ph\u1ed1 Tr\u1ea7n Duy H\u01b0ng - Ph\u01b0\u1eddng Trung Ho\u00e0 - Qu\u1eadn C\u1ea7u Gi\u1ea5y - H\u00e0 N\u1ed9i<\/div>\t\t\t\t\t\t\t<\/div>\t\r\n\t    <\/div>\r\n\t    \t\t<\/div>\n\t\t\t\t<\/div>\n\t\t\t\t<div class=\"elementor-element elementor-element-696b8f5 ot-position-left ot-view-default ot-vertical-align-top elementor-widget elementor-widget-ot-iconbox\" data-id=\"696b8f5\" data-element_type=\"widget\" data-widget_type=\"ot-iconbox.default\">\n\t\t\t\t<div class=\"elementor-widget-container\">\n\t\t\t\t\t<div class=\"ot-icon-box box-content\">\r\n\t\t\t\t\t\t<div class=\"ot-icon-box__icon flex-gap\">\r\n\t\t\t\t<i aria-hidden=\"true\" class=\" uil-phone-volume\"><\/i>\t        <\/div>\r\n\t        \t        <div class=\"ot-icon-box__content\">\r\n\t        \t<h4 class=\"icon-box-title\">S\u1ed1 \u0111i\u1ec7n tho\u1ea1i<\/h4>\t\t\t\t<div class=\"icon-box-des\">0904541331<\/div>\t\t\t\t\t\t\t<\/div>\t\r\n\t    <\/div>\r\n\t    \t\t<\/div>\n\t\t\t\t<\/div>\n\t\t\t\t<div class=\"elementor-element elementor-element-3ea57d9 ot-position-left ot-view-default ot-vertical-align-top elementor-widget elementor-widget-ot-iconbox\" data-id=\"3ea57d9\" data-element_type=\"widget\" data-widget_type=\"ot-iconbox.default\">\n\t\t\t\t<div class=\"elementor-widget-container\">\n\t\t\t\t\t<div class=\"ot-icon-box box-content\">\r\n\t\t\t\t\t\t<div class=\"ot-icon-box__icon flex-gap\">\r\n\t\t\t\t<i aria-hidden=\"true\" class=\" uil-envelope\"><\/i>\t        <\/div>\r\n\t        \t        <div class=\"ot-icon-box__content\">\r\n\t        \t<h4 class=\"icon-box-title\">E-mail<\/h4>\t\t\t\t<div class=\"icon-box-des\"><a href=\"mailto:hello@anphat.tech\" class=\"link-body\">hello@anphat.tech<\/a><\/div>\t\t\t\t\t\t\t<\/div>\t\r\n\t    <\/div>\r\n\t    \t\t<\/div>\n\t\t\t\t<\/div>\n\t\t\t\t\t<\/div>\n\t\t<\/div>\n\t\t\t\t\t\t\t<\/div>\n\t\t<\/section>\n\t\t\t\t\t<\/div>\n\t\t<\/div>\n\t\t\t\t<div class=\"elementor-column elementor-col-33 elementor-top-column elementor-element elementor-element-adbbf2d\" data-id=\"adbbf2d\" data-element_type=\"column\">\n\t\t\t<div class=\"elementor-widget-wrap\">\n\t\t\t\t\t\t\t\t\t<\/div>\n\t\t<\/div>\n\t\t\t\t\t\t\t<\/div>\n\t\t<\/section>\n\t\t\t\t<section class=\"elementor-section elementor-top-section elementor-element elementor-element-80b2b85 elementor-section-boxed elementor-section-height-default elementor-section-height-default\" data-id=\"80b2b85\" data-element_type=\"section\">\n\t\t\t\t\t\t<div class=\"elementor-container elementor-column-gap-extended\">\n\t\t\t\t\t<div class=\"elementor-column elementor-col-33 elementor-top-column elementor-element elementor-element-7291f8b\" data-id=\"7291f8b\" data-element_type=\"column\">\n\t\t\t<div class=\"elementor-widget-wrap\">\n\t\t\t\t\t\t\t\t\t<\/div>\n\t\t<\/div>\n\t\t\t\t<div class=\"elementor-column elementor-col-33 elementor-top-column elementor-element elementor-element-4b1b79c\" data-id=\"4b1b79c\" data-element_type=\"column\">\n\t\t\t<div class=\"elementor-widget-wrap elementor-element-populated\">\n\t\t\t\t\t\t\t\t<div class=\"elementor-element elementor-element-af8206e elementor-widget elementor-widget-heading\" data-id=\"af8206e\" data-element_type=\"widget\" data-widget_type=\"heading.default\">\n\t\t\t\t<div class=\"elementor-widget-container\">\n\t\t\t<h2 class=\"elementor-heading-title elementor-size-default\">H\u00e3y g\u1eedi th\u00f4ng tin cho ch\u00fang t\u00f4i<\/h2>\t\t<\/div>\n\t\t\t\t<\/div>\n\t\t\t\t<div class=\"elementor-element elementor-element-47c6438 elementor-widget elementor-widget-text-editor\" data-id=\"47c6438\" data-element_type=\"widget\" data-widget_type=\"text-editor.default\">\n\t\t\t\t<div class=\"elementor-widget-container\">\n\t\t\t<style>\/*! elementor - v3.11.2 - 22-02-2023 *\/\n.elementor-widget-text-editor.elementor-drop-cap-view-stacked .elementor-drop-cap{background-color:#818a91;color:#fff}.elementor-widget-text-editor.elementor-drop-cap-view-framed .elementor-drop-cap{color:#818a91;border:3px solid;background-color:transparent}.elementor-widget-text-editor:not(.elementor-drop-cap-view-default) .elementor-drop-cap{margin-top:8px}.elementor-widget-text-editor:not(.elementor-drop-cap-view-default) .elementor-drop-cap-letter{width:1em;height:1em}.elementor-widget-text-editor .elementor-drop-cap{float:left;text-align:center;line-height:1;font-size:50px}.elementor-widget-text-editor .elementor-drop-cap-letter{display:inline-block}<\/style>\t\t\t\t<p>Li\u00ean h\u1ec7 v\u1edbi ch\u00fang t\u00f4i, ch\u00fang t\u00f4i s\u1ebd li\u00ean h\u1ec7 l\u1ea1i v\u1edbi b\u1ea1n ngay.<\/p>\t\t\t\t\t\t<\/div>\n\t\t\t\t<\/div>\n\t\t\t\t<div class=\"elementor-element elementor-element-981f534 elementor-widget elementor-widget-shortcode\" data-id=\"981f534\" data-element_type=\"widget\" data-widget_type=\"shortcode.default\">\n\t\t\t\t<div class=\"elementor-widget-container\">\n\t\t\t\t\t<div class=\"elementor-shortcode\">\n<div class=\"wpcf7 no-js\" id=\"wpcf7-f2414-o1\" lang=\"en-US\" dir=\"ltr\">\n<div class=\"screen-reader-response\"><p role=\"status\" aria-live=\"polite\" aria-atomic=\"true\"><\/p> <ul><\/ul><\/div>\n<form action=\"\/index.php?rest_route=%2Fwp%2Fv2%2Fpages%2F2415#wpcf7-f2414-o1\" method=\"post\" class=\"wpcf7-form init\" aria-label=\"Contact form\" novalidate=\"novalidate\" data-status=\"init\">\n<div style=\"display: none;\">\n<input type=\"hidden\" name=\"_wpcf7\" value=\"2414\" \/>\n<input type=\"hidden\" name=\"_wpcf7_version\" value=\"5.7.4\" \/>\n<input type=\"hidden\" name=\"_wpcf7_locale\" value=\"en_US\" \/>\n<input type=\"hidden\" name=\"_wpcf7_unit_tag\" value=\"wpcf7-f2414-o1\" \/>\n<input type=\"hidden\" name=\"_wpcf7_container_post\" value=\"0\" \/>\n<input type=\"hidden\" name=\"_wpcf7_posted_data_hash\" value=\"\" \/>\n<\/div>\n<div class=\"row gap-20\">\n\t<div class=\"col-md-6\">\n\t\t<div class=\"form-floating\">\n\t\t\t<p><input size=\"40\" class=\"wpcf7-form-control wpcf7-text wpcf7-validates-as-required form-control\" aria-required=\"true\" aria-invalid=\"false\" placeholder=\"H\u1ecd t\u00ean \u0111\u1ec7m *\" value=\"\" type=\"text\" name=\"your-fname\" \/><label> H\u1ecd t\u00ean \u0111\u1ec7m *<\/label>\n\t\t\t<\/p>\n\t\t<\/div>\n\t<\/div>\n\t<div class=\"col-md-6\">\n\t\t<div class=\"form-floating\">\n\t\t\t<p><input size=\"40\" class=\"wpcf7-form-control wpcf7-text wpcf7-validates-as-required form-control\" aria-required=\"true\" aria-invalid=\"false\" placeholder=\"T\u00ean *\" value=\"\" type=\"text\" name=\"your-lname\" \/><label> T\u00ean *<\/label>\n\t\t\t<\/p>\n\t\t<\/div>\n\t<\/div>\n<\/div>\n<div class=\"row gap-20\">\n\t<div class=\"col-md-6\">\n\t\t<div class=\"form-floating\">\n\t\t\t<p><input size=\"40\" class=\"wpcf7-form-control wpcf7-text wpcf7-email wpcf7-validates-as-required wpcf7-validates-as-email form-control\" aria-required=\"true\" aria-invalid=\"false\" placeholder=\"Email *\" value=\"\" type=\"email\" name=\"your-email\" \/><label> Email *<\/label>\n\t\t\t<\/p>\n\t\t<\/div>\n\t<\/div>\n\t<div class=\"col-md-6\">\n\t\t<div class=\"form-floating\">\n\t\t\t<p><select class=\"wpcf7-form-control wpcf7-select form-select\" aria-invalid=\"false\" name=\"department\"><option value=\"\">&#8212;Please choose an option&#8212;<\/option><option value=\"Ph\u1ea7n m\u1ec1m theo y\u00eau c\u1ea7u\">Ph\u1ea7n m\u1ec1m theo y\u00eau c\u1ea7u<\/option><option value=\"Qu\u1ea3n l\u00fd k\u00eanh ph\u00e2n ph\u1ed1i\">Qu\u1ea3n l\u00fd k\u00eanh ph\u00e2n ph\u1ed1i<\/option><option value=\"Qu\u1ea3n l\u00fd b\u00e1n h\u00e0ng\">Qu\u1ea3n l\u00fd b\u00e1n h\u00e0ng<\/option><option value=\"Mobile App\">Mobile App<\/option><option value=\"N\u1ed9i dung kh\u00e1c\">N\u1ed9i dung kh\u00e1c<\/option><\/select><label> Ch\u1ecdn ch\u1ee7 \u0111\u1ec1<\/label>\n\t\t\t<\/p>\n\t\t<\/div>\n\t<\/div>\n<\/div>\n<div class=\"form-floating h150\">\n\t<p><textarea cols=\"40\" rows=\"10\" class=\"wpcf7-form-control wpcf7-textarea form-control\" aria-invalid=\"false\" placeholder=\"Message *\" name=\"your-message\"><\/textarea><label> N\u1ed9i dung y\u00eau c\u1ea7u *<\/label>\n\t<\/p>\n<\/div>\n<p class=\"text-center\">\n<input class=\"wpcf7-form-control has-spinner wpcf7-submit octf-btn\" type=\"submit\" value=\"G\u1eedi y\u00eau c\u1ea7u\" \/>\n<\/p>\n<p class=\"text-muted text-center\">* L\u00e0 c\u00e1c tr\u01b0\u1eddng b\u1eaft bu\u1ed9c.\n<\/p><p style=\"display: none !important;\"><label>&#916;<textarea name=\"_wpcf7_ak_hp_textarea\" cols=\"45\" rows=\"8\" maxlength=\"100\"><\/textarea><\/label><input type=\"hidden\" id=\"ak_js_1\" name=\"_wpcf7_ak_js\" value=\"23\"\/><script>document.getElementById( \"ak_js_1\" ).setAttribute( \"value\", ( new Date() ).getTime() );<\/script><\/p><div class=\"wpcf7-response-output\" aria-hidden=\"true\"><\/div>\n<\/form>\n<\/div>\n<\/div>\n\t\t\t\t<\/div>\n\t\t\t\t<\/div>\n\t\t\t\t\t<\/div>\n\t\t<\/div>\n\t\t\t\t<div class=\"elementor-column elementor-col-33 elementor-top-column elementor-element elementor-element-1c38e72\" data-id=\"1c38e72\" data-element_type=\"column\">\n\t\t\t<div class=\"elementor-widget-wrap\">\n\t\t\t\t\t\t\t\t\t<\/div>\n\t\t<\/div>\n\t\t\t\t\t\t\t<\/div>\n\t\t<\/section>\n\t\t\t\t<section class=\"elementor-section elementor-top-section elementor-element elementor-element-2ec7529 elementor-section-boxed elementor-section-height-default elementor-section-height-default\" data-id=\"2ec7529\" data-element_type=\"section\" data-settings=\"{&quot;background_background&quot;:&quot;classic&quot;}\">\n\t\t\t\t\t\t<div class=\"elementor-container elementor-column-gap-extended\">\n\t\t\t\t\t<div class=\"elementor-column elementor-col-33 elementor-top-column elementor-element elementor-element-8f98e87\" data-id=\"8f98e87\" data-element_type=\"column\">\n\t\t\t<div class=\"elementor-widget-wrap\">\n\t\t\t\t\t\t\t\t\t<\/div>\n\t\t<\/div>\n\t\t\t\t<div class=\"elementor-column elementor-col-33 elementor-top-column elementor-element elementor-element-9edae47\" data-id=\"9edae47\" data-element_type=\"column\">\n\t\t\t<div class=\"elementor-widget-wrap elementor-element-populated\">\n\t\t\t\t\t\t\t\t<div class=\"elementor-element elementor-element-9a429b1 elementor-widget elementor-widget-heading\" data-id=\"9a429b1\" data-element_type=\"widget\" data-widget_type=\"heading.default\">\n\t\t\t\t<div class=\"elementor-widget-container\">\n\t\t\t<h2 class=\"elementor-heading-title elementor-size-default\">Gi\u1edbi thi\u1ec7u An Ph\u00e1t<\/h2>\t\t<\/div>\n\t\t\t\t<\/div>\n\t\t\t\t<div class=\"elementor-element elementor-element-4fae21e elementor-widget elementor-widget-heading\" data-id=\"4fae21e\" data-element_type=\"widget\" data-widget_type=\"heading.default\">\n\t\t\t\t<div class=\"elementor-widget-container\">\n\t\t\t<h2 class=\"elementor-heading-title elementor-size-default\">Ch\u00fang t\u00f4i \u0111\u01b0\u1ee3c h\u01a1n 30+ kh\u00e1ch h\u00e0ng tin t\u01b0\u1edfng. Tham gia c\u00f9ng h\u1ecd ngay b\u00e2y gi\u1edd v\u00e0 ph\u00e1t tri\u1ec3n doanh nghi\u1ec7p c\u1ee7a b\u1ea1n.<\/h2>\t\t<\/div>\n\t\t\t\t<\/div>\n\t\t\t\t<section class=\"elementor-section elementor-inner-section elementor-element elementor-element-319c662 elementor-section-boxed elementor-section-height-default elementor-section-height-default\" data-id=\"319c662\" data-element_type=\"section\">\n\t\t\t\t\t\t<div class=\"elementor-container elementor-column-gap-extended\">\n\t\t\t\t\t<div class=\"elementor-column elementor-col-33 elementor-inner-column elementor-element elementor-element-ab35d38\" data-id=\"ab35d38\" data-element_type=\"column\">\n\t\t\t<div class=\"elementor-widget-wrap elementor-element-populated\">\n\t\t\t\t\t\t\t\t<div class=\"elementor-element elementor-element-3e97947 ot-position-top elementor-widget elementor-widget-ot-counter\" data-id=\"3e97947\" data-element_type=\"widget\" data-widget_type=\"ot-counter.default\">\n\t\t\t\t<div class=\"elementor-widget-container\">\n\t\t\t\t\t<div class=\"ot-counter-wrapper box-content\">\r\n\r\n\t\t\t\t\t\t<div class=\"ot-counter__content\">\r\n\t\t\t\t<h3 class=\"ot-counter__number counter\" data-duration= \"2000\">16<\/h3>\r\n\t\t\t\t<p class=\"ot-counter__title\">D\u1ef1 \u00e1n<\/p>\r\n\t\t\t<\/div>\r\n\r\n\t\t<\/div>\r\n\t    \t\t<\/div>\n\t\t\t\t<\/div>\n\t\t\t\t\t<\/div>\n\t\t<\/div>\n\t\t\t\t<div class=\"elementor-column elementor-col-33 elementor-inner-column elementor-element elementor-element-9f4fb57\" data-id=\"9f4fb57\" data-element_type=\"column\">\n\t\t\t<div class=\"elementor-widget-wrap elementor-element-populated\">\n\t\t\t\t\t\t\t\t<div class=\"elementor-element elementor-element-831ce40 ot-position-top elementor-widget elementor-widget-ot-counter\" data-id=\"831ce40\" data-element_type=\"widget\" data-widget_type=\"ot-counter.default\">\n\t\t\t\t<div class=\"elementor-widget-container\">\n\t\t\t\t\t<div class=\"ot-counter-wrapper box-content\">\r\n\r\n\t\t\t\t\t\t<div class=\"ot-counter__content\">\r\n\t\t\t\t<h3 class=\"ot-counter__number counter\" data-duration= \"2000\">31472<\/h3>\r\n\t\t\t\t<p class=\"ot-counter__title\">Ng\u01b0\u1eddi d\u00f9ng<\/p>\r\n\t\t\t<\/div>\r\n\r\n\t\t<\/div>\r\n\t    \t\t<\/div>\n\t\t\t\t<\/div>\n\t\t\t\t\t<\/div>\n\t\t<\/div>\n\t\t\t\t<div class=\"elementor-column elementor-col-33 elementor-inner-column elementor-element elementor-element-b080058\" data-id=\"b080058\" data-element_type=\"column\">\n\t\t\t<div class=\"elementor-widget-wrap elementor-element-populated\">\n\t\t\t\t\t\t\t\t<div class=\"elementor-element elementor-element-58a6c25 ot-position-top elementor-widget elementor-widget-ot-counter\" data-id=\"58a6c25\" data-element_type=\"widget\" data-widget_type=\"ot-counter.default\">\n\t\t\t\t<div class=\"elementor-widget-container\">\n\t\t\t\t\t<div class=\"ot-counter-wrapper box-content\">\r\n\r\n\t\t\t\t\t\t<div class=\"ot-counter__content\">\r\n\t\t\t\t<h3 class=\"ot-counter__number counter\" data-duration= \"2000\">34<\/h3>\r\n\t\t\t\t<p class=\"ot-counter__title\">Kh\u00e1ch h\u00e0ng<\/p>\r\n\t\t\t<\/div>\r\n\r\n\t\t<\/div>\r\n\t    \t\t<\/div>\n\t\t\t\t<\/div>\n\t\t\t\t\t<\/div>\n\t\t<\/div>\n\t\t\t\t\t\t\t<\/div>\n\t\t<\/section>\n\t\t\t\t\t<\/div>\n\t\t<\/div>\n\t\t\t\t<div class=\"elementor-column elementor-col-33 elementor-top-column elementor-element elementor-element-d8ceed4\" data-id=\"d8ceed4\" data-element_type=\"column\">\n\t\t\t<div class=\"elementor-widget-wrap\">\n\t\t\t\t\t\t\t\t\t<\/div>\n\t\t<\/div>\n\t\t\t\t\t\t\t<\/div>\n\t\t<\/section>\n\t\t\t\t\t\t\t<\/div>\n\t\t","protected":false},"excerpt":{"rendered":"<p>Li\u00ean h\u1ec7 v\u1edbi ch\u00fang t\u00f4i Home Contact \u0110\u1ecba ch\u1ec9 Ph\u00f2ng 608 T\u00f2a nh\u00e0 EUROWINDOW, s\u1ed1 27 ph\u1ed1 Tr\u1ea7n Duy H\u01b0ng &#8211; Ph\u01b0\u1eddng Trung Ho\u00e0 &#8211; Qu\u1eadn C\u1ea7u Gi\u1ea5y &#8211; H\u00e0 N\u1ed9i S\u1ed1 \u0111i\u1ec7n tho\u1ea1i 0904541331 E-mail hello@anphat.tech H\u00e3y g\u1eedi th\u00f4ng tin cho ch\u00fang t\u00f4i Li\u00ean h\u1ec7 v\u1edbi ch\u00fang t\u00f4i, ch\u00fang t\u00f4i s\u1ebd li\u00ean h\u1ec7 l\u1ea1i [&hellip;]<\/p>\n","protected":false},"author":1,"featured_media":0,"parent":0,"menu_order":0,"comment_status":"closed","ping_status":"closed","template":"","meta":{"footnotes":""},"class_list":["post-2415","page","type-page","status-publish","hentry"],"_links":{"self":[{"href":"https:\/\/anphat.tech\/index.php?rest_route=\/wp\/v2\/pages\/2415","targetHints":{"allow":["GET"]}}],"collection":[{"href":"https:\/\/anphat.tech\/index.php?rest_route=\/wp\/v2\/pages"}],"about":[{"href":"https:\/\/anphat.tech\/index.php?rest_route=\/wp\/v2\/types\/page"}],"author":[{"embeddable":true,"href":"https:\/\/anphat.tech\/index.php?rest_route=\/wp\/v2\/users\/1"}],"replies":[{"embeddable":true,"href":"https:\/\/anphat.tech\/index.php?rest_route=%2Fwp%2Fv2%2Fcomments&post=2415"}],"version-history":[{"count":26,"href":"https:\/\/anphat.tech\/index.php?rest_route=\/wp\/v2\/pages\/2415\/revisions"}],"predecessor-version":[{"id":15154,"href":"https:\/\/anphat.tech\/index.php?rest_route=\/wp\/v2\/pages\/2415\/revisions\/15154"}],"wp:attachment":[{"href":"https:\/\/anphat.tech\/index.php?rest_route=%2Fwp%2Fv2%2Fmedia&parent=2415"}],"curies":[{"name":"wp","href":"https:\/\/api.w.org\/{rel}","templated":true}]}}