{"id":2,"date":"2023-02-25T11:25:48","date_gmt":"2023-02-25T11:25:48","guid":{"rendered":"https:\/\/anphat.tech\/?page_id=2"},"modified":"2023-04-05T15:23:37","modified_gmt":"2023-04-05T15:23:37","slug":"sample-page","status":"publish","type":"page","link":"https:\/\/anphat.tech\/?page_id=2","title":{"rendered":"anHRM \u2013 Ch\u1ea5m c\u00f4ng t\u1ef1 \u0111\u1ed9ng"},"content":{"rendered":"\t\t<div data-elementor-type=\"wp-page\" data-elementor-id=\"2\" class=\"elementor elementor-2\">\n\t\t\t\t\t\t\t\t\t<section class=\"elementor-section elementor-top-section elementor-element elementor-element-e89eed2 elementor-section-boxed elementor-section-height-default elementor-section-height-default\" data-id=\"e89eed2\" data-element_type=\"section\">\n\t\t\t\t\t\t<div class=\"elementor-container elementor-column-gap-default\">\n\t\t\t\t\t<div class=\"elementor-column elementor-col-100 elementor-top-column elementor-element elementor-element-2bd3621\" data-id=\"2bd3621\" data-element_type=\"column\">\n\t\t\t<div class=\"elementor-widget-wrap elementor-element-populated\">\n\t\t\t\t\t\t\t\t<div class=\"elementor-element elementor-element-ed90531 elementor-widget elementor-widget-image\" data-id=\"ed90531\" data-element_type=\"widget\" data-widget_type=\"image.default\">\n\t\t\t\t<div class=\"elementor-widget-container\">\n\t\t\t<style>\/*! elementor - v3.11.2 - 22-02-2023 *\/\n.elementor-widget-image{text-align:center}.elementor-widget-image a{display:inline-block}.elementor-widget-image a img[src$=\".svg\"]{width:48px}.elementor-widget-image img{vertical-align:middle;display:inline-block}<\/style>\t\t\t\t\t\t\t\t\t\t\t\t<img loading=\"lazy\" decoding=\"async\" width=\"1024\" height=\"757\" src=\"https:\/\/anphat.tech\/wp-content\/uploads\/2023\/04\/Screenshot-2023-04-05-at-18.19.40-1024x757.png\" class=\"attachment-large size-large wp-image-14955\" alt=\"\" srcset=\"https:\/\/anphat.tech\/wp-content\/uploads\/2023\/04\/Screenshot-2023-04-05-at-18.19.40-1024x757.png 1024w, https:\/\/anphat.tech\/wp-content\/uploads\/2023\/04\/Screenshot-2023-04-05-at-18.19.40-300x222.png 300w, https:\/\/anphat.tech\/wp-content\/uploads\/2023\/04\/Screenshot-2023-04-05-at-18.19.40-768x568.png 768w, https:\/\/anphat.tech\/wp-content\/uploads\/2023\/04\/Screenshot-2023-04-05-at-18.19.40-1536x1135.png 1536w, https:\/\/anphat.tech\/wp-content\/uploads\/2023\/04\/Screenshot-2023-04-05-at-18.19.40.png 1994w\" sizes=\"auto, (max-width: 1024px) 100vw, 1024px\" \/>\t\t\t\t\t\t\t\t\t\t\t\t\t\t\t<\/div>\n\t\t\t\t<\/div>\n\t\t\t\t\t<\/div>\n\t\t<\/div>\n\t\t\t\t\t\t\t<\/div>\n\t\t<\/section>\n\t\t\t\t<section class=\"elementor-section elementor-top-section elementor-element elementor-element-774a40b elementor-section-boxed elementor-section-height-default elementor-section-height-default\" data-id=\"774a40b\" data-element_type=\"section\">\n\t\t\t\t\t\t<div class=\"elementor-container elementor-column-gap-default\">\n\t\t\t\t\t<div class=\"elementor-column elementor-col-100 elementor-top-column elementor-element elementor-element-2bae240\" data-id=\"2bae240\" data-element_type=\"column\">\n\t\t\t<div class=\"elementor-widget-wrap elementor-element-populated\">\n\t\t\t\t\t\t\t\t<div class=\"elementor-element elementor-element-8efc32c elementor-widget elementor-widget-text-editor\" data-id=\"8efc32c\" data-element_type=\"widget\" data-widget_type=\"text-editor.default\">\n\t\t\t\t<div class=\"elementor-widget-container\">\n\t\t\t<style>\/*! elementor - v3.11.2 - 22-02-2023 *\/\n.elementor-widget-text-editor.elementor-drop-cap-view-stacked .elementor-drop-cap{background-color:#818a91;color:#fff}.elementor-widget-text-editor.elementor-drop-cap-view-framed .elementor-drop-cap{color:#818a91;border:3px solid;background-color:transparent}.elementor-widget-text-editor:not(.elementor-drop-cap-view-default) .elementor-drop-cap{margin-top:8px}.elementor-widget-text-editor:not(.elementor-drop-cap-view-default) .elementor-drop-cap-letter{width:1em;height:1em}.elementor-widget-text-editor .elementor-drop-cap{float:left;text-align:center;line-height:1;font-size:50px}.elementor-widget-text-editor .elementor-drop-cap-letter{display:inline-block}<\/style>\t\t\t\t<p>Cho ph\u00e9p ng\u01b0\u1eddi d\u00f9ng thi\u1ebft l\u1eadp linh \u0111\u1ed9ng c\u00e1c m\u1eabu c\u00f4ng v\u1edbi ngu\u1ed3n s\u1ed1 li\u1ec7u \u0111a d\u1ea1ng: Th\u00f4ng tin t\u1eeb h\u1ed3 s\u01a1, c\u00e0i \u0111\u1eb7t tham s\u1ed1 c\u00f4ng, c\u00e0i \u0111\u1eb7t ch\u1ebf \u0111\u1ed9 l\u00e0m vi\u1ec7c, m\u00e1y ch\u1ea5m c\u00f4ng, &#8230; \u00c1p d\u1ee5ng m\u1eabu b\u1ea3ng c\u00f4ng cho 1 nh\u00e2n s\u1ef1 hay nh\u00f3m v\u1edbi c\u01a1 ch\u1ebf 1 nh\u00e2n s\u1ef1 thu\u1ed9c 1 hay nhi\u1ec1u b\u1ea3ng v\u00e0 c\u01a1 ch\u1ebf li\u00ean k\u1ebft ngu\u1ed3n s\u1ed1 li\u1ec7u t\u1eeb b\u1ea3ng c\u00f4ng tr\u01b0\u1edbc sang b\u1ea3ng c\u00f4ng sau t\u1ea1o n\u00ean t\u00ednh linh ho\u1ea1t v\u00e0 \u0111\u00e1p \u1ee9ng cao. V\u1edbi c\u01a1 ch\u1ebf ch\u1edd duy\u1ec7t, ki\u1ec3m duy\u1ec7t, kh\u00f3a s\u1ed5 b\u1ea3ng c\u00f4ng theo t\u1eebng k\u1ef3 gi\u00fap b\u1ea3o to\u00e0n \u0111\u01b0\u1ee3c d\u1eef li\u1ec7u khi \u0111\u00e3 ch\u1ed1t s\u1ed1 li\u1ec7u. G\u1eedi phi\u1ebfu c\u00f4ng, th\u00f4ng b\u00e1o qua email, sms ho\u1eb7c t\u01b0\u01a1ng t\u00e1c qua ph\u00e2n h\u1ec7 c\u1ed5ng d\u1ecbch v\u1ee5, c\u00f3 th\u1ec3 c\u00e0i \u0111\u1eb7t ch\u1ebf \u0111\u1ed9 c\u1ea3nh b\u00e1o h\u1ed7 tr\u1ee3 cho c\u00f4ng t\u00e1c theo d\u00f5i v\u00e0 ch\u1ea5m c\u00f4ng t\u1ea1i Doanh nghi\u1ec7p.<\/p>\t\t\t\t\t\t<\/div>\n\t\t\t\t<\/div>\n\t\t\t\t\t<\/div>\n\t\t<\/div>\n\t\t\t\t\t\t\t<\/div>\n\t\t<\/section>\n\t\t\t\t<section class=\"elementor-section elementor-top-section elementor-element elementor-element-d184d1c elementor-section-boxed elementor-section-height-default elementor-section-height-default\" data-id=\"d184d1c\" data-element_type=\"section\">\n\t\t\t\t\t\t<div class=\"elementor-container elementor-column-gap-default\">\n\t\t\t\t\t<div class=\"elementor-column elementor-col-100 elementor-top-column elementor-element elementor-element-f3e8ed5\" data-id=\"f3e8ed5\" data-element_type=\"column\">\n\t\t\t<div class=\"elementor-widget-wrap elementor-element-populated\">\n\t\t\t\t\t\t\t\t<div class=\"elementor-element elementor-element-2560763 elementor-widget elementor-widget-image\" data-id=\"2560763\" data-element_type=\"widget\" data-widget_type=\"image.default\">\n\t\t\t\t<div class=\"elementor-widget-container\">\n\t\t\t\t\t\t\t\t\t\t\t\t\t\t\t<img loading=\"lazy\" decoding=\"async\" width=\"1024\" height=\"504\" src=\"https:\/\/anphat.tech\/wp-content\/uploads\/2023\/04\/Screenshot-2023-04-05-at-18.20.01-1024x504.png\" class=\"attachment-large size-large wp-image-14957\" alt=\"\" srcset=\"https:\/\/anphat.tech\/wp-content\/uploads\/2023\/04\/Screenshot-2023-04-05-at-18.20.01-1024x504.png 1024w, https:\/\/anphat.tech\/wp-content\/uploads\/2023\/04\/Screenshot-2023-04-05-at-18.20.01-300x148.png 300w, https:\/\/anphat.tech\/wp-content\/uploads\/2023\/04\/Screenshot-2023-04-05-at-18.20.01-768x378.png 768w, https:\/\/anphat.tech\/wp-content\/uploads\/2023\/04\/Screenshot-2023-04-05-at-18.20.01-1536x755.png 1536w, https:\/\/anphat.tech\/wp-content\/uploads\/2023\/04\/Screenshot-2023-04-05-at-18.20.01-2048x1007.png 2048w\" sizes=\"auto, (max-width: 1024px) 100vw, 1024px\" \/>\t\t\t\t\t\t\t\t\t\t\t\t\t\t\t<\/div>\n\t\t\t\t<\/div>\n\t\t\t\t\t<\/div>\n\t\t<\/div>\n\t\t\t\t\t\t\t<\/div>\n\t\t<\/section>\n\t\t\t\t<section class=\"elementor-section elementor-top-section elementor-element elementor-element-c333c6c elementor-section-boxed elementor-section-height-default elementor-section-height-default\" data-id=\"c333c6c\" data-element_type=\"section\">\n\t\t\t\t\t\t<div class=\"elementor-container elementor-column-gap-default\">\n\t\t\t\t\t<div class=\"elementor-column elementor-col-100 elementor-top-column elementor-element elementor-element-a294baf\" data-id=\"a294baf\" data-element_type=\"column\">\n\t\t\t<div class=\"elementor-widget-wrap elementor-element-populated\">\n\t\t\t\t\t\t\t\t<div class=\"elementor-element elementor-element-7776b4b elementor-widget elementor-widget-text-editor\" data-id=\"7776b4b\" data-element_type=\"widget\" data-widget_type=\"text-editor.default\">\n\t\t\t\t<div class=\"elementor-widget-container\">\n\t\t\t\t\t\t\t<p>Qu\u1ea3n l\u00fd v\u00e0o ra chi ti\u1ebft<\/p>\t\t\t\t\t\t<\/div>\n\t\t\t\t<\/div>\n\t\t\t\t\t<\/div>\n\t\t<\/div>\n\t\t\t\t\t\t\t<\/div>\n\t\t<\/section>\n\t\t\t\t<section class=\"elementor-section elementor-top-section elementor-element elementor-element-d900b8f elementor-section-boxed elementor-section-height-default elementor-section-height-default\" data-id=\"d900b8f\" data-element_type=\"section\">\n\t\t\t\t\t\t<div class=\"elementor-container elementor-column-gap-default\">\n\t\t\t\t\t<div class=\"elementor-column elementor-col-100 elementor-top-column elementor-element elementor-element-422f21d\" data-id=\"422f21d\" data-element_type=\"column\">\n\t\t\t<div class=\"elementor-widget-wrap elementor-element-populated\">\n\t\t\t\t\t\t\t\t<div class=\"elementor-element elementor-element-4f779a8 elementor-widget elementor-widget-image\" data-id=\"4f779a8\" data-element_type=\"widget\" data-widget_type=\"image.default\">\n\t\t\t\t<div class=\"elementor-widget-container\">\n\t\t\t\t\t\t\t\t\t\t\t\t\t\t\t<img loading=\"lazy\" decoding=\"async\" width=\"1024\" height=\"368\" src=\"https:\/\/anphat.tech\/wp-content\/uploads\/2023\/04\/Screenshot-2023-04-05-at-18.20.35-1024x368.png\" class=\"attachment-large size-large wp-image-14958\" alt=\"\" srcset=\"https:\/\/anphat.tech\/wp-content\/uploads\/2023\/04\/Screenshot-2023-04-05-at-18.20.35-1024x368.png 1024w, https:\/\/anphat.tech\/wp-content\/uploads\/2023\/04\/Screenshot-2023-04-05-at-18.20.35-300x108.png 300w, https:\/\/anphat.tech\/wp-content\/uploads\/2023\/04\/Screenshot-2023-04-05-at-18.20.35-768x276.png 768w, https:\/\/anphat.tech\/wp-content\/uploads\/2023\/04\/Screenshot-2023-04-05-at-18.20.35-1536x552.png 1536w, https:\/\/anphat.tech\/wp-content\/uploads\/2023\/04\/Screenshot-2023-04-05-at-18.20.35-2048x736.png 2048w\" sizes=\"auto, (max-width: 1024px) 100vw, 1024px\" \/>\t\t\t\t\t\t\t\t\t\t\t\t\t\t\t<\/div>\n\t\t\t\t<\/div>\n\t\t\t\t\t<\/div>\n\t\t<\/div>\n\t\t\t\t\t\t\t<\/div>\n\t\t<\/section>\n\t\t\t\t<section class=\"elementor-section elementor-top-section elementor-element elementor-element-a80b6f2 elementor-section-boxed elementor-section-height-default elementor-section-height-default\" data-id=\"a80b6f2\" data-element_type=\"section\">\n\t\t\t\t\t\t<div class=\"elementor-container elementor-column-gap-default\">\n\t\t\t\t\t<div class=\"elementor-column elementor-col-100 elementor-top-column elementor-element elementor-element-c848eb7\" data-id=\"c848eb7\" data-element_type=\"column\">\n\t\t\t<div class=\"elementor-widget-wrap elementor-element-populated\">\n\t\t\t\t\t\t\t\t<div class=\"elementor-element elementor-element-5364896 elementor-widget elementor-widget-text-editor\" data-id=\"5364896\" data-element_type=\"widget\" data-widget_type=\"text-editor.default\">\n\t\t\t\t<div class=\"elementor-widget-container\">\n\t\t\t\t\t\t\t<p>Xem th\u00f4ng tin nh\u00e2n vi\u00ean<\/p>\t\t\t\t\t\t<\/div>\n\t\t\t\t<\/div>\n\t\t\t\t\t<\/div>\n\t\t<\/div>\n\t\t\t\t\t\t\t<\/div>\n\t\t<\/section>\n\t\t\t\t<section class=\"elementor-section elementor-top-section elementor-element elementor-element-92e6cbf elementor-section-boxed elementor-section-height-default elementor-section-height-default\" data-id=\"92e6cbf\" data-element_type=\"section\">\n\t\t\t\t\t\t<div class=\"elementor-container elementor-column-gap-default\">\n\t\t\t\t\t<div class=\"elementor-column elementor-col-100 elementor-top-column elementor-element elementor-element-cba1515\" data-id=\"cba1515\" data-element_type=\"column\">\n\t\t\t<div class=\"elementor-widget-wrap elementor-element-populated\">\n\t\t\t\t\t\t\t\t<div class=\"elementor-element elementor-element-6b4b0df elementor-widget elementor-widget-image\" data-id=\"6b4b0df\" data-element_type=\"widget\" data-widget_type=\"image.default\">\n\t\t\t\t<div class=\"elementor-widget-container\">\n\t\t\t\t\t\t\t\t\t\t\t\t\t\t\t<img loading=\"lazy\" decoding=\"async\" width=\"1024\" height=\"445\" src=\"https:\/\/anphat.tech\/wp-content\/uploads\/2023\/04\/Screenshot-2023-04-05-at-18.20.22-1024x445.png\" class=\"attachment-large size-large wp-image-14965\" alt=\"\" srcset=\"https:\/\/anphat.tech\/wp-content\/uploads\/2023\/04\/Screenshot-2023-04-05-at-18.20.22-1024x445.png 1024w, https:\/\/anphat.tech\/wp-content\/uploads\/2023\/04\/Screenshot-2023-04-05-at-18.20.22-300x130.png 300w, https:\/\/anphat.tech\/wp-content\/uploads\/2023\/04\/Screenshot-2023-04-05-at-18.20.22-768x334.png 768w, https:\/\/anphat.tech\/wp-content\/uploads\/2023\/04\/Screenshot-2023-04-05-at-18.20.22-1536x667.png 1536w, https:\/\/anphat.tech\/wp-content\/uploads\/2023\/04\/Screenshot-2023-04-05-at-18.20.22-2048x890.png 2048w\" sizes=\"auto, (max-width: 1024px) 100vw, 1024px\" \/>\t\t\t\t\t\t\t\t\t\t\t\t\t\t\t<\/div>\n\t\t\t\t<\/div>\n\t\t\t\t\t<\/div>\n\t\t<\/div>\n\t\t\t\t\t\t\t<\/div>\n\t\t<\/section>\n\t\t\t\t<section class=\"elementor-section elementor-top-section elementor-element elementor-element-5931383 elementor-section-boxed elementor-section-height-default elementor-section-height-default\" data-id=\"5931383\" data-element_type=\"section\">\n\t\t\t\t\t\t<div class=\"elementor-container elementor-column-gap-default\">\n\t\t\t\t\t<div class=\"elementor-column elementor-col-100 elementor-top-column elementor-element elementor-element-f7ad36b\" data-id=\"f7ad36b\" data-element_type=\"column\">\n\t\t\t<div class=\"elementor-widget-wrap elementor-element-populated\">\n\t\t\t\t\t\t\t\t<div class=\"elementor-element elementor-element-683a04e elementor-widget elementor-widget-text-editor\" data-id=\"683a04e\" data-element_type=\"widget\" data-widget_type=\"text-editor.default\">\n\t\t\t\t<div class=\"elementor-widget-container\">\n\t\t\t\t\t\t\t\t\t\t\t\t\t<\/div>\n\t\t\t\t<\/div>\n\t\t\t\t\t<\/div>\n\t\t<\/div>\n\t\t\t\t\t\t\t<\/div>\n\t\t<\/section>\n\t\t\t\t\t\t\t<\/div>\n\t\t","protected":false},"excerpt":{"rendered":"<p>Cho ph\u00e9p ng\u01b0\u1eddi d\u00f9ng thi\u1ebft l\u1eadp linh \u0111\u1ed9ng c\u00e1c m\u1eabu c\u00f4ng v\u1edbi ngu\u1ed3n s\u1ed1 li\u1ec7u \u0111a d\u1ea1ng: Th\u00f4ng tin t\u1eeb h\u1ed3 s\u01a1, c\u00e0i \u0111\u1eb7t tham s\u1ed1 c\u00f4ng, c\u00e0i \u0111\u1eb7t ch\u1ebf \u0111\u1ed9 l\u00e0m vi\u1ec7c, m\u00e1y ch\u1ea5m c\u00f4ng, &#8230; \u00c1p d\u1ee5ng m\u1eabu b\u1ea3ng c\u00f4ng cho 1 nh\u00e2n s\u1ef1 hay nh\u00f3m v\u1edbi c\u01a1 ch\u1ebf 1 nh\u00e2n s\u1ef1 thu\u1ed9c [&hellip;]<\/p>\n","protected":false},"author":1,"featured_media":0,"parent":0,"menu_order":0,"comment_status":"closed","ping_status":"closed","template":"","meta":{"footnotes":""},"class_list":["post-2","page","type-page","status-publish","hentry"],"_links":{"self":[{"href":"https:\/\/anphat.tech\/index.php?rest_route=\/wp\/v2\/pages\/2","targetHints":{"allow":["GET"]}}],"collection":[{"href":"https:\/\/anphat.tech\/index.php?rest_route=\/wp\/v2\/pages"}],"about":[{"href":"https:\/\/anphat.tech\/index.php?rest_route=\/wp\/v2\/types\/page"}],"author":[{"embeddable":true,"href":"https:\/\/anphat.tech\/index.php?rest_route=\/wp\/v2\/users\/1"}],"replies":[{"embeddable":true,"href":"https:\/\/anphat.tech\/index.php?rest_route=%2Fwp%2Fv2%2Fcomments&post=2"}],"version-history":[{"count":37,"href":"https:\/\/anphat.tech\/index.php?rest_route=\/wp\/v2\/pages\/2\/revisions"}],"predecessor-version":[{"id":15030,"href":"https:\/\/anphat.tech\/index.php?rest_route=\/wp\/v2\/pages\/2\/revisions\/15030"}],"wp:attachment":[{"href":"https:\/\/anphat.tech\/index.php?rest_route=%2Fwp%2Fv2%2Fmedia&parent=2"}],"curies":[{"name":"wp","href":"https:\/\/api.w.org\/{rel}","templated":true}]}}