{"id":1445,"date":"2022-08-16T10:50:54","date_gmt":"2022-08-16T10:50:54","guid":{"rendered":"https:\/\/demo.oceanthemes.site\/sandbox\/?page_id=1445"},"modified":"2024-01-12T10:37:45","modified_gmt":"2024-01-12T10:37:45","slug":"home-1","status":"publish","type":"page","link":"https:\/\/anphat.tech\/","title":{"rendered":"C\u00d4NG TY C\u1ed4 PH\u1ea6N \u0110\u1ea6U T\u01af KINH DOANH &amp; D\u1ecaCH V\u1ee4 AN PH\u00c1T"},"content":{"rendered":"\t\t<div data-elementor-type=\"wp-page\" data-elementor-id=\"1445\" class=\"elementor elementor-1445\">\n\t\t\t\t\t\t\t\t\t<section class=\"elementor-section elementor-top-section elementor-element elementor-element-6953c7b elementor-section-content-middle elementor-section-boxed elementor-section-height-default elementor-section-height-default\" data-id=\"6953c7b\" data-element_type=\"section\" data-settings=\"{&quot;background_background&quot;:&quot;gradient&quot;}\">\n\t\t\t\t\t\t<div class=\"elementor-container elementor-column-gap-custom\">\n\t\t\t\t\t<div class=\"elementor-column elementor-col-100 elementor-top-column elementor-element elementor-element-72b233a\" data-id=\"72b233a\" data-element_type=\"column\">\n\t\t\t<div class=\"elementor-widget-wrap elementor-element-populated\">\n\t\t\t\t\t\t\t\t<div class=\"elementor-element elementor-element-2249a43 font-thicboi display-1 elementor-widget elementor-widget-heading\" data-id=\"2249a43\" data-element_type=\"widget\" data-widget_type=\"heading.default\">\n\t\t\t\t<div class=\"elementor-widget-container\">\n\t\t\t<style>\/*! elementor - v3.11.2 - 22-02-2023 *\/\n.elementor-heading-title{padding:0;margin:0;line-height:1}.elementor-widget-heading .elementor-heading-title[class*=elementor-size-]>a{color:inherit;font-size:inherit;line-height:inherit}.elementor-widget-heading .elementor-heading-title.elementor-size-small{font-size:15px}.elementor-widget-heading .elementor-heading-title.elementor-size-medium{font-size:19px}.elementor-widget-heading .elementor-heading-title.elementor-size-large{font-size:29px}.elementor-widget-heading .elementor-heading-title.elementor-size-xl{font-size:39px}.elementor-widget-heading .elementor-heading-title.elementor-size-xxl{font-size:59px}<\/style><h1 class=\"elementor-heading-title elementor-size-default\">Ph\u00e1t tri\u1ec3n doanh nghi\u1ec7p c\u1ee7a b\u1ea1n v\u1edbi gi\u1ea3i ph\u00e1p c\u1ee7a ch\u00fang t\u00f4i<\/h1>\t\t<\/div>\n\t\t\t\t<\/div>\n\t\t\t\t<div class=\"elementor-element elementor-element-1a1a97e elementor-widget elementor-widget-text-editor\" data-id=\"1a1a97e\" data-element_type=\"widget\" data-widget_type=\"text-editor.default\">\n\t\t\t\t<div class=\"elementor-widget-container\">\n\t\t\t<style>\/*! elementor - v3.11.2 - 22-02-2023 *\/\n.elementor-widget-text-editor.elementor-drop-cap-view-stacked .elementor-drop-cap{background-color:#818a91;color:#fff}.elementor-widget-text-editor.elementor-drop-cap-view-framed .elementor-drop-cap{color:#818a91;border:3px solid;background-color:transparent}.elementor-widget-text-editor:not(.elementor-drop-cap-view-default) .elementor-drop-cap{margin-top:8px}.elementor-widget-text-editor:not(.elementor-drop-cap-view-default) .elementor-drop-cap-letter{width:1em;height:1em}.elementor-widget-text-editor .elementor-drop-cap{float:left;text-align:center;line-height:1;font-size:50px}.elementor-widget-text-editor .elementor-drop-cap-letter{display:inline-block}<\/style>\t\t\t\t<h1>Qu\u1ea3n l\u00fd b\u00e1n h\u00e0ng &#8211; Qu\u1ea3n l\u00fd nh\u00e0 ph\u00e2n ph\u1ed1i<\/h1>\t\t\t\t\t\t<\/div>\n\t\t\t\t<\/div>\n\t\t\t\t\t<\/div>\n\t\t<\/div>\n\t\t\t\t\t\t\t<\/div>\n\t\t<\/section>\n\t\t\t\t<section class=\"elementor-section elementor-top-section elementor-element elementor-element-4dc3a91 elementor-section-boxed elementor-section-height-default elementor-section-height-default\" data-id=\"4dc3a91\" data-element_type=\"section\" data-settings=\"{&quot;background_background&quot;:&quot;classic&quot;}\">\n\t\t\t\t\t\t<div class=\"elementor-container elementor-column-gap-no\">\n\t\t\t\t\t<div class=\"elementor-column elementor-col-100 elementor-top-column elementor-element elementor-element-081ede4\" data-id=\"081ede4\" data-element_type=\"column\">\n\t\t\t<div class=\"elementor-widget-wrap elementor-element-populated\">\n\t\t\t\t\t\t\t\t<div class=\"elementor-element elementor-element-eb065e6 font-thicboi display-4 elementor-widget elementor-widget-ot-heading\" data-id=\"eb065e6\" data-element_type=\"widget\" data-widget_type=\"ot-heading.default\">\n\t\t\t\t<div class=\"elementor-widget-container\">\n\t\t\t\t\t<div class=\"ot-heading\">\r\n\t        <span class=\"ot-heading__sub\">Ch\u00fang t\u00f4i c\u00f3 g\u00ec?<\/span>\t        \t    <\/div>\r\n\t    \t\t<\/div>\n\t\t\t\t<\/div>\n\t\t\t\t<section class=\"elementor-section elementor-inner-section elementor-element elementor-element-e1f2946 elementor-section-boxed elementor-section-height-default elementor-section-height-default\" data-id=\"e1f2946\" data-element_type=\"section\">\n\t\t\t\t\t\t<div class=\"elementor-container elementor-column-gap-default\">\n\t\t\t\t\t<div class=\"elementor-column elementor-col-25 elementor-inner-column elementor-element elementor-element-0632786\" data-id=\"0632786\" data-element_type=\"column\">\n\t\t\t<div class=\"elementor-widget-wrap elementor-element-populated\">\n\t\t\t\t\t\t\t\t<div class=\"elementor-element elementor-element-0a04ac0 ot-view-default ot-position-top elementor-widget elementor-widget-ot-iconbox\" data-id=\"0a04ac0\" data-element_type=\"widget\" data-widget_type=\"ot-iconbox.default\">\n\t\t\t\t<div class=\"elementor-widget-container\">\n\t\t\t\t\t<div class=\"ot-icon-box box-content\">\r\n\t\t\t\t\t\t<div class=\"ot-icon-box__icon\">\r\n\t\t\t\t<svg xmlns=\"http:\/\/www.w3.org\/2000\/svg\" viewBox=\"0 0 512 511.9\"><path class=\"lineal-stroke\" d=\"M297.3 429.9c-118.7 0-215-96.2-215-215 0-80.1 44.5-153.5 115.5-190.6 105.1-54.7 235.1-13.8 289.9 91.3 4 8 .8 17.7-7.1 21.7-7.8 3.9-17.3.9-21.5-6.8C412.5 41.2 302 6.4 212.7 52.9c-89.4 46.7-124 156.9-77.4 246.3s156.9 124 246.3 77.4c61.7-32.2 99.8-96.8 98-166.4-.2-8.9 6.9-16.3 15.8-16.4 8.9-.2 16.2 6.8 16.4 15.7 2.9 118.8-91.1 217.5-209.9 220.4-1.4-.1-3 0-4.6 0z\"><\/path><circle class=\"lineal-fill\" cx=\"297.1\" cy=\"214.9\" r=\"111.1\"><\/circle><path class=\"lineal-stroke\" d=\"M297.1 342.1c-70.3 0-127.2-57-127.2-127.2s57-127.2 127.2-127.2 127.2 57 127.2 127.2c-.1 70.2-57 127.1-127.2 127.2zm0-222.2c-52.5 0-95 42.5-95 95s42.5 95 95 95 95-42.5 95-95c-.1-52.5-42.6-95-95-95zm-240.6 392C25.3 511.9 0 486.6 0 455.4c0-17.6 8.2-34.2 22.2-44.9L88.3 360c6.4-4.9 15.5-4.3 21.2 1.4l41.1 41.1c5.7 5.7 6.3 14.8 1.4 21.2l-50.5 66.1c-9.9 12.9-24.9 21-41.2 22.1h-3.8zm40.1-117.7l-54.9 41.9c-10.7 8.1-12.9 23.3-4.8 34s23.3 12.9 34 4.8c1.8-1.4 3.4-3 4.8-4.8l42-54.9-21.1-21z\"><\/path><\/svg>\t        <\/div>\r\n\t        \t        <div class=\"ot-icon-box__content\">\r\n\t        \t<h4 class=\"icon-box-title\">Qu\u1ea3n l\u00fd b\u00e1n h\u00e0ng<\/h4>\t\t\t\t<div class=\"icon-box-des\">Mang t\u1edbi cho b\u1ea1n m\u1ed9t h\u1ec7 th\u1ed1ng quy tr\u00ecnh ho\u00e0n h\u1ea3o \u0111\u1ec3 v\u1eadn h\u00e0nh v\u00e0 qu\u1ea3n l\u00fd b\u00e1n h\u00e0ng hi\u1ec7u qu\u1ea3\n<\/div>\t\t\t\t\t        \t<div class=\"icon-box-btn\">\r\n\t        \t\t<a href=\"https:\/\/anphat.tech\/?page_id=4167\" class=\"more hover\">Xem th\u00eam<\/a>\r\n\t        \t<\/div>\r\n\t        \t\t\t\t<\/div>\t\r\n\t    <\/div>\r\n\t    \t\t<\/div>\n\t\t\t\t<\/div>\n\t\t\t\t<div class=\"elementor-element elementor-element-d15ccd4 elementor-widget__width-auto elementor-absolute elementor-hidden-mobile elementor-widget elementor-widget-html\" data-id=\"d15ccd4\" data-element_type=\"widget\" data-settings=\"{&quot;_position&quot;:&quot;absolute&quot;}\" data-widget_type=\"html.default\">\n\t\t\t\t<div class=\"elementor-widget-container\">\n\t\t\t<div class=\"bg-dot yellow rellax w-16 h-17\" data-rellax-speed=\"1\"><\/div>\t\t<\/div>\n\t\t\t\t<\/div>\n\t\t\t\t<div class=\"elementor-element elementor-element-dcc3790 elementor-widget__width-auto elementor-absolute elementor-hidden-mobile elementor-widget elementor-widget-html\" data-id=\"dcc3790\" data-element_type=\"widget\" data-settings=\"{&quot;_position&quot;:&quot;absolute&quot;}\" data-widget_type=\"html.default\">\n\t\t\t\t<div class=\"elementor-widget-container\">\n\t\t\t<div class=\"bg-dot yellow rellax w-16 h-17\" data-rellax-speed=\"1\"><\/div>\t\t<\/div>\n\t\t\t\t<\/div>\n\t\t\t\t\t<\/div>\n\t\t<\/div>\n\t\t\t\t<div class=\"elementor-column elementor-col-25 elementor-inner-column elementor-element elementor-element-4170c15\" data-id=\"4170c15\" data-element_type=\"column\">\n\t\t\t<div class=\"elementor-widget-wrap elementor-element-populated\">\n\t\t\t\t\t\t\t\t<div class=\"elementor-element elementor-element-5348033 ot-view-default ot-position-top elementor-widget elementor-widget-ot-iconbox\" data-id=\"5348033\" data-element_type=\"widget\" data-widget_type=\"ot-iconbox.default\">\n\t\t\t\t<div class=\"elementor-widget-container\">\n\t\t\t\t\t<div class=\"ot-icon-box box-content\">\r\n\t\t\t\t\t\t<div class=\"ot-icon-box__icon\">\r\n\t\t\t\t<svg xmlns=\"http:\/\/www.w3.org\/2000\/svg\" viewBox=\"0 0 512 442.8\"><path class=\"lineal-stroke\" d=\"M464.2 442.8H47.7C21.4 442.8 0 421.4 0 395.1V47.7C0 21.4 21.4 0 47.7 0h416.5C490.6 0 512 21.4 512 47.7c0 7.6-6.2 13.8-13.8 13.9-7.6 0-13.8-6.2-13.9-13.8 0-11.1-9-20-20.1-20.1H47.7c-11.1 0-20 9-20.1 20.1v347.3c0 11.1 9 20.1 20.1 20.1h416.5c11.1 0 20.1-9 20.1-20.1V209.4c0-7.6 6.2-13.8 13.8-13.9 7.6 0 13.8 6.2 13.9 13.8V395c0 26.4-21.4 47.8-47.8 47.8z\"><\/path><path class=\"lineal-fill\" d=\"M13.8 47.7v69.9h484.3V47.7c0-18.7-15.2-33.9-33.9-33.9H47.7C29 13.8 13.8 29 13.8 47.7z\"><\/path><path class=\"lineal-stroke\" d=\"M498.2 131.5H13.8c-7.6 0-13.8-6.2-13.8-13.8v-70C0 21.4 21.4 0 47.7 0h416.5C490.6 0 512 21.4 512 47.7v69.9c0 7.7-6.2 13.9-13.8 13.9zM27.7 103.8h456.6v-56c0-11.1-9-20.1-20.1-20.1H47.8c-11.1 0-20 9-20.1 20v56.1z\"><\/path><path class=\"lineal-stroke\" d=\"M294.7 79.6h-26.3c-7.6 0-13.8-6.2-13.8-13.8S260.8 52 268.4 52h26.3c7.6 0 13.8 6.2 13.8 13.8.1 7.6-6.1 13.8-13.8 13.8zm73.4 0h-26.3c-7.6 0-13.8-6.2-13.8-13.8 0-7.6 6.2-13.8 13.8-13.8h26.3c7.6 0 13.8 6.2 13.8 13.8 0 7.6-6.2 13.8-13.8 13.8zm73.3 0h-26.3c-7.6 0-13.8-6.2-13.8-13.8 0-7.6 6.2-13.8 13.8-13.8h26.3c7.6 0 13.8 6.2 13.8 13.8.1 7.6-6.1 13.8-13.8 13.8z\"><\/path><path class=\"lineal-fill\" d=\"M112.8 268.5h286.4v63.6H112.8z\"><\/path><path class=\"lineal-stroke\" d=\"M399.2 345.9H112.8c-7.6 0-13.8-6.2-13.8-13.8v-63.7c0-7.6 6.2-13.8 13.8-13.8h286.4c7.6 0 13.8 6.2 13.8 13.8v63.7c.1 7.6-6.1 13.8-13.8 13.8zm-272.6-27.6h258.8v-36H126.6v36zm230.9-95.5h-203c-7.6.2-14-5.8-14.2-13.5s5.8-14 13.5-14.2h203.8c7.6-.2 14 5.8 14.2 13.5s-5.8 14-13.5 14.2h-.8z\"><\/path><\/svg>\t        <\/div>\r\n\t        \t        <div class=\"ot-icon-box__content\">\r\n\t        \t<h4 class=\"icon-box-title\">Qu\u1ea3n l\u00fd nh\u00e0 ph\u00e2n ph\u1ed1i<\/h4>\t\t\t\t<div class=\"icon-box-des\">Cho ph\u00e9p c\u00e1c doanh nghi\u1ec7p v\u1eadn h\u00e0nh c\u00e1c k\u00eanh ph\u00e2n ph\u1ed1i m\u1ed9t c\u00e1ch t\u1ef1 \u0111\u1ed9ng <\/div>\t\t\t\t\t        \t<div class=\"icon-box-btn\">\r\n\t        \t\t<a href=\"https:\/\/anphat.tech\/?page_id=5407\" class=\"more hover\">Xem th\u00eam<\/a>\r\n\t        \t<\/div>\r\n\t        \t\t\t\t<\/div>\t\r\n\t    <\/div>\r\n\t    \t\t<\/div>\n\t\t\t\t<\/div>\n\t\t\t\t\t<\/div>\n\t\t<\/div>\n\t\t\t\t<div class=\"elementor-column elementor-col-25 elementor-inner-column elementor-element elementor-element-e6452ca\" data-id=\"e6452ca\" data-element_type=\"column\">\n\t\t\t<div class=\"elementor-widget-wrap elementor-element-populated\">\n\t\t\t\t\t\t\t\t<div class=\"elementor-element elementor-element-9a5ec46 ot-view-default ot-position-top elementor-widget elementor-widget-ot-iconbox\" data-id=\"9a5ec46\" data-element_type=\"widget\" data-widget_type=\"ot-iconbox.default\">\n\t\t\t\t<div class=\"elementor-widget-container\">\n\t\t\t\t\t<div class=\"ot-icon-box box-content\">\r\n\t\t\t\t\t\t<div class=\"ot-icon-box__icon\">\r\n\t\t\t\t<svg xmlns=\"http:\/\/www.w3.org\/2000\/svg\" viewBox=\"0 0 512 454.6\"><path class=\"lineal-fill\" d=\"M131.5 126.8h249V15.2H15.2v256.3h116.3z\"><\/path><path class=\"lineal-stroke\" d=\"M496.8 194.4c-8.4 0-15.2 6.8-15.2 15.2v158.3h-29.7c-8.4 0-15.2 6.8-15.2 15.2 0 .5 0 1.1.1 1.6l2.8 27.2-75.7-42.1c-2.3-1.3-4.8-1.9-7.4-1.9H146.7V142h233.8c8.4 0 15.2-6.8 15.2-15.2V15.2c0-8.4-6.8-15.2-15.2-15.2H15.2C6.8 0 0 6.8 0 15.2v256.3c0 8.4 6.8 15.2 15.2 15.2h101v96.4c0 8.4 6.8 15.2 15.2 15.2h221l97.8 54.3c7.3 4.1 16.6 1.4 20.7-5.9 1.5-2.7 2.2-5.9 1.8-9l-4.1-39.5h28.1c8.4 0 15.2-6.8 15.2-15.2V209.6c.1-8.4-6.7-15.2-15.1-15.2zM30.4 256.3V30.4h334.8v81.2H131.5c-8.4 0-15.2 6.8-15.2 15.2v129.5H30.4z\"><\/path><path class=\"lineal-stroke\" d=\"M413.8 223.6H214.4c-8.4 0-15.2-6.8-15.2-15.2s6.8-15.2 15.2-15.2h199.4c8.4 0 15.2 6.8 15.2 15.2s-6.8 15.2-15.2 15.2zm0 85.9H214.4c-8.4 0-15.2-6.8-15.2-15.2S206 279 214.4 279h199.4c8.4 0 15.2 6.8 15.2 15.2s-6.8 15.3-15.2 15.3z\"><\/path><\/svg>\t        <\/div>\r\n\t        \t        <div class=\"ot-icon-box__content\">\r\n\t        \t<h4 class=\"icon-box-title\">Ph\u00e1t tri\u1ec3n ph\u1ea7n m\u1ec1m<\/h4>\t\t\t\t<div class=\"icon-box-des\">Nh\u1eefng \u1ee9ng d\u1ee5ng c\u1ee7a c\u00f4ng ngh\u1ec7 s\u1ebd th\u00fac \u0111\u1ea9y t\u0103ng tr\u01b0\u1edfng cho doanh nghi\u1ec7p<\/div>\t\t\t\t\t        \t<div class=\"icon-box-btn\">\r\n\t        \t\t<a href=\"https:\/\/anphat.tech\/?page_id=2028\" class=\"more hover\">Xem th\u00eam<\/a>\r\n\t        \t<\/div>\r\n\t        \t\t\t\t<\/div>\t\r\n\t    <\/div>\r\n\t    \t\t<\/div>\n\t\t\t\t<\/div>\n\t\t\t\t\t<\/div>\n\t\t<\/div>\n\t\t\t\t<div class=\"elementor-column elementor-col-25 elementor-inner-column elementor-element elementor-element-053a0cd\" data-id=\"053a0cd\" data-element_type=\"column\">\n\t\t\t<div class=\"elementor-widget-wrap elementor-element-populated\">\n\t\t\t\t\t\t\t\t<div class=\"elementor-element elementor-element-e5af107 ot-view-default ot-position-top elementor-widget elementor-widget-ot-iconbox\" data-id=\"e5af107\" data-element_type=\"widget\" data-widget_type=\"ot-iconbox.default\">\n\t\t\t\t<div class=\"elementor-widget-container\">\n\t\t\t\t\t<div class=\"ot-icon-box box-content\">\r\n\t\t\t\t\t\t<div class=\"ot-icon-box__icon\">\r\n\t\t\t\t<svg xmlns=\"http:\/\/www.w3.org\/2000\/svg\" viewBox=\"0 0 409.6 362.5\"><path class=\"lineal-stroke\" d=\"M343.4 302.9L61 302.5c-25.3-.2-47.5-16.8-54.8-40.9l-3.9-12.9c-7.1-24.2 2.5-50.3 23.5-64.2L262.1 29.8c5.7-3.7 13.3-2.1 17 3.6.7 1 1.2 2.1 1.5 3.2l74.3 249.8c2.4 6.4-.9 13.5-7.3 15.8-1.3.5-2.8.7-4.2.7zM261.8 59.4L39.3 205c-12 7.9-17.4 22.8-13.4 36.6l3.8 12.9c4.2 13.8 16.8 23.3 31.2 23.4l265.8.4-64.9-218.9z\"><\/path><path class=\"lineal-stroke\" d=\"M138 362.5c-40.4 0-72.8-31.1-73.6-70.8 0-6.8 5.5-12.3 12.3-12.3 6.6 0 12.1 5.2 12.3 11.8.6 26.2 22.1 46.7 49 46.7 14.2 0 27.7-6.2 37-16.9 4.5-5.1 12.2-5.7 17.4-1.2 5.1 4.5 5.7 12.2 1.2 17.4-14 16.1-34.3 25.3-55.6 25.3z\"><\/path><path class=\"lineal-fill\" d=\"M183.4 96l57.8 194.5 102.1.1-74.5-250.5L183.4 96z\"><\/path><path class=\"lineal-stroke\" d=\"M343.4 302.9l-102.1-.1c-5.4 0-10.2-3.6-11.8-8.8L171.6 99.5c-1.6-5.2.5-10.8 5.1-13.8l85.4-55.9c5.7-3.7 13.3-2.1 17 3.6.7 1 1.2 2.1 1.5 3.2l74.5 250.6c1.9 6.5-1.8 13.4-8.3 15.3-1.1.2-2.3.4-3.4.4zm-92.9-24.7l76.4.1-65.1-218.9-63.9 41.8 52.6 177z\"><\/path><path class=\"lineal-stroke\" d=\"M351.8 330.6c-5.4 0-10.2-3.6-11.8-8.8l-91-306c-2.1-6.5 1.3-13.4 7.8-15.6 6.5-2.1 13.4 1.3 15.6 7.8.1.3.2.5.2.8l91 305.9c1.9 6.5-1.8 13.4-8.3 15.3-1.1.4-2.3.6-3.5.6zM338 91.7c-6.8 0-12.3-5.5-12.3-12.3 0-1.8.4-3.6 1.2-5.3l13.4-28.5c2.9-6.2 10.2-8.8 16.4-5.9 6.2 2.9 8.8 10.2 5.9 16.4l-13.4 28.5c-2.1 4.3-6.4 7.1-11.2 7.1zm28.2 64.9c-6.8 0-12.3-5.5-12.3-12.3 0-5.7 3.9-10.6 9.4-12l31.1-7.5c6.6-1.5 13.2 2.6 14.7 9.3 1.5 6.5-2.5 13-9 14.7l-31.2 7.4c-.8.3-1.8.4-2.7.4zm29.1 90c-2.7 0-5.4-.9-7.5-2.6l-24.9-19.4c-5.4-4.2-6.3-11.9-2.2-17.3s11.9-6.3 17.3-2.2l24.9 19.4c5.4 4.2 6.3 11.9 2.1 17.3-2.3 3-5.9 4.7-9.7 4.8z\"><\/path><\/svg>\t        <\/div>\r\n\t        \t        <div class=\"ot-icon-box__content\">\r\n\t        \t<h4 class=\"icon-box-title\">D\u1ecbch v\u1ee5 v\u1eadn h\u00e0nh chuy\u00ean nghi\u1ec7p<\/h4>\t\t\t\t<div class=\"icon-box-des\">S\u1ed1 h\u00f3a quy tr\u00ecnh qu\u1ea3n tr\u1ecb t\u1eadp chung\ntr\u00ean m\u1ed9t n\u1ec1n t\u1ea3ng, ti\u1ebft ki\u1ec7m th\u1eddi gian, chi ph\u00ed<\/div>\t\t\t\t\t        \t<div class=\"icon-box-btn\">\r\n\t        \t\t<a href=\"https:\/\/anphat.tech\/?page_id=4377\" class=\"more hover\">Xem th\u00eam<\/a>\r\n\t        \t<\/div>\r\n\t        \t\t\t\t<\/div>\t\r\n\t    <\/div>\r\n\t    \t\t<\/div>\n\t\t\t\t<\/div>\n\t\t\t\t<div class=\"elementor-element elementor-element-b19a772 elementor-widget__width-auto elementor-absolute elementor-hidden-mobile elementor-widget elementor-widget-html\" data-id=\"b19a772\" data-element_type=\"widget\" data-settings=\"{&quot;_position&quot;:&quot;absolute&quot;}\" data-widget_type=\"html.default\">\n\t\t\t\t<div class=\"elementor-widget-container\">\n\t\t\t<div class=\"rounded-circle bg-soft-blue rellax w-16 h-16\" data-rellax-speed=\"1\"><\/div>\t\t<\/div>\n\t\t\t\t<\/div>\n\t\t\t\t\t<\/div>\n\t\t<\/div>\n\t\t\t\t\t\t\t<\/div>\n\t\t<\/section>\n\t\t\t\t\t<\/div>\n\t\t<\/div>\n\t\t\t\t\t\t\t<\/div>\n\t\t<\/section>\n\t\t\t\t<section class=\"elementor-section elementor-top-section elementor-element elementor-element-0bbcc35 elementor-section-boxed elementor-section-height-default elementor-section-height-default\" data-id=\"0bbcc35\" data-element_type=\"section\" data-settings=\"{&quot;background_background&quot;:&quot;classic&quot;}\">\n\t\t\t\t\t\t<div class=\"elementor-container elementor-column-gap-no\">\n\t\t\t\t\t<div class=\"elementor-column elementor-col-100 elementor-top-column elementor-element elementor-element-b1d8032\" data-id=\"b1d8032\" data-element_type=\"column\">\n\t\t\t<div class=\"elementor-widget-wrap elementor-element-populated\">\n\t\t\t\t\t\t\t\t<section class=\"elementor-section elementor-inner-section elementor-element elementor-element-7d706c7 elementor-section-content-middle elementor-section-boxed elementor-section-height-default elementor-section-height-default\" data-id=\"7d706c7\" data-element_type=\"section\">\n\t\t\t\t\t\t<div class=\"elementor-container elementor-column-gap-default\">\n\t\t\t\t\t<div class=\"elementor-column elementor-col-50 elementor-inner-column elementor-element elementor-element-1007e67\" data-id=\"1007e67\" data-element_type=\"column\">\n\t\t\t<div class=\"elementor-widget-wrap elementor-element-populated\">\n\t\t\t\t\t\t\t\t<div class=\"elementor-element elementor-element-37b8d70 elementor-widget elementor-widget-image\" data-id=\"37b8d70\" data-element_type=\"widget\" data-widget_type=\"image.default\">\n\t\t\t\t<div class=\"elementor-widget-container\">\n\t\t\t<style>\/*! elementor - v3.11.2 - 22-02-2023 *\/\n.elementor-widget-image{text-align:center}.elementor-widget-image a{display:inline-block}.elementor-widget-image a img[src$=\".svg\"]{width:48px}.elementor-widget-image img{vertical-align:middle;display:inline-block}<\/style>\t\t\t\t\t\t\t\t\t\t\t\t<img loading=\"lazy\" decoding=\"async\" width=\"1600\" height=\"1180\" src=\"https:\/\/anphat.tech\/wp-content\/uploads\/2022\/09\/i5.png\" class=\"attachment-full size-full wp-image-5273\" alt=\"\" srcset=\"https:\/\/anphat.tech\/wp-content\/uploads\/2022\/09\/i5.png 1600w, https:\/\/anphat.tech\/wp-content\/uploads\/2022\/09\/i5-300x221.png 300w, https:\/\/anphat.tech\/wp-content\/uploads\/2022\/09\/i5-1024x755.png 1024w, https:\/\/anphat.tech\/wp-content\/uploads\/2022\/09\/i5-768x566.png 768w, https:\/\/anphat.tech\/wp-content\/uploads\/2022\/09\/i5-1536x1133.png 1536w\" sizes=\"auto, (max-width: 1600px) 100vw, 1600px\" \/>\t\t\t\t\t\t\t\t\t\t\t\t\t\t\t<\/div>\n\t\t\t\t<\/div>\n\t\t\t\t\t<\/div>\n\t\t<\/div>\n\t\t\t\t<div class=\"elementor-column elementor-col-50 elementor-inner-column elementor-element elementor-element-663fd6c\" data-id=\"663fd6c\" data-element_type=\"column\">\n\t\t\t<div class=\"elementor-widget-wrap elementor-element-populated\">\n\t\t\t\t\t\t\t\t<div class=\"elementor-element elementor-element-5157094 font-thicboi display-4 elementor-widget elementor-widget-ot-heading\" data-id=\"5157094\" data-element_type=\"widget\" data-widget_type=\"ot-heading.default\">\n\t\t\t\t<div class=\"elementor-widget-container\">\n\t\t\t\t\t<div class=\"ot-heading\">\r\n\t        <span class=\"ot-heading__sub\">V\u1ec1 An Ph\u00e1t<\/span>\t        <h3 class=\"ot-heading__title h1\">S\u1ee9 m\u1ec7nh c\u1ee7a ch\u00fang t\u00f4i l\u00e0 tr\u1edf th\u00e0nh \u0111\u1ed1i t\u00e1c th\u1ef1c s\u1ef1 c\u1ee7a doanh nghi\u1ec7p<\/h3>\t    <\/div>\r\n\t    \t\t<\/div>\n\t\t\t\t<\/div>\n\t\t\t\t<div class=\"elementor-element elementor-element-69b87e7 elementor-widget elementor-widget-text-editor\" data-id=\"69b87e7\" data-element_type=\"widget\" data-widget_type=\"text-editor.default\">\n\t\t\t\t<div class=\"elementor-widget-container\">\n\t\t\t\t\t\t\t<p>An Ph\u00e1t \u0111\u01b0\u1ee3c th\u00e0nh l\u1eadp v\u00e0o n\u0103m 2019, v\u1edbi ni\u1ec1m tin v\u00e0 \u0111am m\u00ea s\u00e1ng t\u1ea1o t\u00ecm ra gi\u1ea3i ph\u00e1p m\u1edbi gi\u00fap doanh nghi\u1ec7p ho\u1ea1t \u0111\u1ed9ng v\u00e0 ph\u00e1t tri\u1ec3n. Kh\u1eb3ng \u0111\u1ecbnh uy t\u00edn d\u1ef1a tr\u00ean n\u1ec1n t\u1ea3ng ch\u1ea5t l\u01b0\u1ee3ng v\u00e0 s\u1ef1 chuy\u00ean nghi\u1ec7p, ch\u00fang t\u00f4i \u0111\u1ed3ng h\u00e0nh c\u00f9ng nh\u1eefng d\u1ef1 \u00e1n c\u1ee7a kh\u00e1ch h\u00e0ng v\u00e0 b\u1ea3o v\u1ec7 m\u1ee5c ti\u00eau kinh doanh c\u1ee7a doanh nghi\u1ec7p.<\/p>\t\t\t\t\t\t<\/div>\n\t\t\t\t<\/div>\n\t\t\t\t<div class=\"elementor-element elementor-element-d7ad992 elementor-widget elementor-widget-ot-btn\" data-id=\"d7ad992\" data-element_type=\"widget\" data-widget_type=\"ot-btn.default\">\n\t\t\t\t<div class=\"elementor-widget-container\">\n\t\t\t\t\t<div class=\"ot-button-wrapper\">\r\n\t\t\t<a href=\"#\" class=\"octf-btn\">\r\n\t\t\t\txem th\u00eam\t\t\t\t\t\t\t<\/a>\r\n\t    <\/div>\r\n\t    \t\t<\/div>\n\t\t\t\t<\/div>\n\t\t\t\t\t<\/div>\n\t\t<\/div>\n\t\t\t\t\t\t\t<\/div>\n\t\t<\/section>\n\t\t\t\t<div class=\"elementor-element elementor-element-ae9748c elementor-widget elementor-widget-ot-clients-slider\" data-id=\"ae9748c\" data-element_type=\"widget\" data-widget_type=\"ot-clients-slider.default\">\n\t\t\t\t<div class=\"elementor-widget-container\">\n\t\t\t\t\t<div class=\"ot-carousel ot-clients-carousel\" data-slider_options=\"{&quot;slides_show_desktop&quot;:6,&quot;slides_show_laptop&quot;:6,&quot;slides_show_tablet_extra&quot;:6,&quot;slides_show_tablet&quot;:6,&quot;slides_show_mobile_extra&quot;:3,&quot;slides_show_mobile&quot;:3,&quot;margin_desktop&quot;:30,&quot;margin_laptop&quot;:30,&quot;margin_tablet_extra&quot;:30,&quot;margin_tablet&quot;:30,&quot;margin_mobile_extra&quot;:30,&quot;margin_mobile&quot;:30,&quot;autoplay&quot;:&quot;no&quot;,&quot;autoplay_time_out&quot;:5000,&quot;loop&quot;:&quot;no&quot;,&quot;arrows&quot;:false,&quot;dots&quot;:false}\">\r\n\t\t\t<div class=\"owl-carousel owl-theme\">\r\n\r\n\t\t\t<a class=\"client_link\" href=\"#\"><span class=\"client-logo\"><img loading=\"lazy\" decoding=\"async\" width=\"616\" height=\"248\" src=\"https:\/\/anphat.tech\/wp-content\/uploads\/2023\/02\/top-5-dong-cua-nhom-kinh-cao-cap-dang-thinh-hanh-nhat-hien-nay.png\" class=\"attachment-full size-full\" alt=\"\" \/><\/span><\/a><a class=\"client_link\" href=\"#\"><span class=\"client-logo\"><img loading=\"lazy\" decoding=\"async\" width=\"596\" height=\"194\" src=\"https:\/\/anphat.tech\/wp-content\/uploads\/2023\/02\/logoiptime.png\" class=\"attachment-full size-full\" alt=\"\" \/><\/span><\/a><a class=\"client_link\" href=\"#\"><span class=\"client-logo\"><img loading=\"lazy\" decoding=\"async\" width=\"484\" height=\"234\" src=\"https:\/\/anphat.tech\/wp-content\/uploads\/2023\/02\/logo-cong-ty-xay-dung-2.png\" class=\"attachment-full size-full\" alt=\"\" \/><\/span><\/a><a class=\"client_link\" href=\"#\"><span class=\"client-logo\"><img loading=\"lazy\" decoding=\"async\" width=\"338\" height=\"254\" src=\"https:\/\/anphat.tech\/wp-content\/uploads\/2023\/02\/logo-cong-ty-xay-dung-1.png\" class=\"attachment-full size-full\" alt=\"\" \/><\/span><\/a><a class=\"client_link\" href=\"#\"><span class=\"client-logo\"><img loading=\"lazy\" decoding=\"async\" width=\"1172\" height=\"470\" src=\"https:\/\/anphat.tech\/wp-content\/uploads\/2023\/02\/Logo-Baggio-1.png\" class=\"attachment-full size-full\" alt=\"\" \/><\/span><\/a><a class=\"client_link\" href=\"#\"><span class=\"client-logo\"><img loading=\"lazy\" decoding=\"async\" width=\"836\" height=\"280\" src=\"https:\/\/anphat.tech\/wp-content\/uploads\/2023\/02\/employer-no-image-1.png\" class=\"attachment-full size-full\" alt=\"\" \/><\/span><\/a>\r\n\t\t\t<\/div>\r\n\t    <\/div>\r\n\t\t\t\t<\/div>\n\t\t\t\t<\/div>\n\t\t\t\t\t<\/div>\n\t\t<\/div>\n\t\t\t\t\t\t\t<\/div>\n\t\t<\/section>\n\t\t\t\t\t\t\t<\/div>\n\t\t","protected":false},"excerpt":{"rendered":"<p>Ph\u00e1t tri\u1ec3n doanh nghi\u1ec7p c\u1ee7a b\u1ea1n v\u1edbi gi\u1ea3i ph\u00e1p c\u1ee7a ch\u00fang t\u00f4i Qu\u1ea3n l\u00fd b\u00e1n h\u00e0ng &#8211; Qu\u1ea3n l\u00fd nh\u00e0 ph\u00e2n ph\u1ed1i Ch\u00fang t\u00f4i c\u00f3 g\u00ec? Qu\u1ea3n l\u00fd b\u00e1n h\u00e0ng Mang t\u1edbi cho b\u1ea1n m\u1ed9t h\u1ec7 th\u1ed1ng quy tr\u00ecnh ho\u00e0n h\u1ea3o \u0111\u1ec3 v\u1eadn h\u00e0nh v\u00e0 qu\u1ea3n l\u00fd b\u00e1n h\u00e0ng hi\u1ec7u qu\u1ea3 Xem th\u00eam Qu\u1ea3n l\u00fd [&hellip;]<\/p>\n","protected":false},"author":1,"featured_media":0,"parent":0,"menu_order":0,"comment_status":"closed","ping_status":"closed","template":"","meta":{"footnotes":""},"class_list":["post-1445","page","type-page","status-publish","hentry"],"_links":{"self":[{"href":"https:\/\/anphat.tech\/index.php?rest_route=\/wp\/v2\/pages\/1445","targetHints":{"allow":["GET"]}}],"collection":[{"href":"https:\/\/anphat.tech\/index.php?rest_route=\/wp\/v2\/pages"}],"about":[{"href":"https:\/\/anphat.tech\/index.php?rest_route=\/wp\/v2\/types\/page"}],"author":[{"embeddable":true,"href":"https:\/\/anphat.tech\/index.php?rest_route=\/wp\/v2\/users\/1"}],"replies":[{"embeddable":true,"href":"https:\/\/anphat.tech\/index.php?rest_route=%2Fwp%2Fv2%2Fcomments&post=1445"}],"version-history":[{"count":66,"href":"https:\/\/anphat.tech\/index.php?rest_route=\/wp\/v2\/pages\/1445\/revisions"}],"predecessor-version":[{"id":15092,"href":"https:\/\/anphat.tech\/index.php?rest_route=\/wp\/v2\/pages\/1445\/revisions\/15092"}],"wp:attachment":[{"href":"https:\/\/anphat.tech\/index.php?rest_route=%2Fwp%2Fv2%2Fmedia&parent=1445"}],"curies":[{"name":"wp","href":"https:\/\/api.w.org\/{rel}","templated":true}]}}